{"id":3112,"date":"2020-04-15T11:58:15","date_gmt":"2020-04-15T09:58:15","guid":{"rendered":"https:\/\/lipoid.com\/imprint\/"},"modified":"2026-01-22T11:24:32","modified_gmt":"2026-01-22T10:24:32","slug":"imprint","status":"publish","type":"page","link":"https:\/\/lipoid.com\/de\/imprint\/","title":{"rendered":"Imprint"},"content":{"rendered":"<div class=\"fusion-fullwidth fullwidth-box fusion-builder-row-1 fusion-flex-container nonhundred-percent-fullwidth non-hundred-percent-height-scrolling\" style=\"--awb-border-radius-top-left:0px;--awb-border-radius-top-right:0px;--awb-border-radius-bottom-right:0px;--awb-border-radius-bottom-left:0px;--awb-flex-wrap:wrap;\" ><div class=\"fusion-builder-row fusion-row fusion-flex-align-items-flex-start fusion-flex-content-wrap\" style=\"max-width:1456px;margin-left: calc(-4% \/ 2 );margin-right: calc(-4% \/ 2 );\"><div class=\"fusion-layout-column fusion_builder_column fusion-builder-column-0 fusion_builder_column_1_1 1_1 fusion-flex-column\" style=\"--awb-bg-size:cover;--awb-width-large:100%;--awb-margin-top-large:0px;--awb-spacing-right-large:1.92%;--awb-margin-bottom-large:20px;--awb-spacing-left-large:1.92%;--awb-width-medium:100%;--awb-spacing-right-medium:1.92%;--awb-spacing-left-medium:1.92%;--awb-width-small:100%;--awb-spacing-right-small:1.92%;--awb-spacing-left-small:1.92%;\"><div class=\"fusion-column-wrapper fusion-column-has-shadow fusion-flex-justify-content-flex-start fusion-content-layout-column\"><div class=\"fusion-title title fusion-title-1 fusion-title-text fusion-title-size-one\" style=\"--awb-margin-top-small:10px;--awb-margin-bottom-small:10px;\"><div class=\"title-sep-container title-sep-container-left fusion-no-large-visibility fusion-no-medium-visibility fusion-no-small-visibility\"><div class=\"title-sep sep-double sep-solid\" style=\"border-color:#e2e2e2;\"><\/div><\/div><span class=\"awb-title-spacer fusion-no-large-visibility fusion-no-medium-visibility fusion-no-small-visibility\"><\/span><h1 class=\"fusion-title-heading title-heading-left\" style=\"margin:0;\">Impressum<\/h1><span class=\"awb-title-spacer\"><\/span><div class=\"title-sep-container title-sep-container-right\"><div class=\"title-sep sep-double sep-solid\" style=\"border-color:#e2e2e2;\"><\/div><\/div><\/div><div class=\"fusion-text fusion-text-1\"><p><strong>KONTAKT<\/strong><\/p>\n<p>Lipoid GmbH<br \/>\nFrigenstra\u00dfe 4<br \/>\n67065 Ludwigshafen\/Rhein<br \/>\nDeutschland<\/p>\n<p>Tel.: \u00a0\u00a0\u00a0 +49 621 538190<br \/>\nFax:\u00a0\u00a0\u00a0\u00a0 +49 621 553559<\/p>\n<p>E-Mail: <a href=\"mailto:info@lipoid.com\">info@lipoid.com<\/a><\/p>\n<p><strong>RECHTLICHE HINWEISE<\/strong><\/p>\n<p>Rechtsform: Gesellschaft mit beschr\u00e4nkter Haftung<br \/>\nSitz der Gesellschaft: Ludwigshafen<br \/>\nHandelsregister: Amtsgericht Ludwigshafen, HRB Nr. 3989<br \/>\nGesch\u00e4ftsf\u00fchrung: Dr. Frank Schubert<\/p>\n<p>Umsatzsteueridentifikationsnummer: DE175285119<\/p>\n<p>Inhaltlich verantwortlich i.S.v. \u00a7 55 Abs. 2 RStV: Dr. Frank Schubert<\/p>\n<p>Diese Seite gilt auch f\u00fcr Social-Media-Plattformen der Lipoid-Gruppe, z.B. f\u00fcr die Seite <a href=\"http:\/\/www.facebook.com\/LipoidDeutschland\">www.facebook.com\/LipoidDeutschland<\/a><\/p>\n<p>Bitte \u00fcberzeugen Sie sich in unserer Datenschutzrichtlinie, dass wir den Schutz Ihrer pers\u00f6nlichen Daten sehr ernst nehmen. Wir machen von uns aus keinen weiteren Gebrauch Ihrer Social-Media-Beitr\u00e4ge, es sei denn, wir weisen bei einer speziellen Aktivit\u00e4t explizit darauf hin.<\/p>\n<\/div><\/div><\/div><\/div><\/div>\n","protected":false},"excerpt":{"rendered":"","protected":false},"author":1,"featured_media":0,"parent":0,"menu_order":0,"comment_status":"closed","ping_status":"closed","template":"","meta":{"_acf_changed":false,"footnotes":""},"folder":[],"class_list":["post-3112","page","type-page","status-publish","hentry"],"acf":[],"_links":{"self":[{"href":"https:\/\/lipoid.com\/de\/wp-json\/wp\/v2\/pages\/3112","targetHints":{"allow":["GET"]}}],"collection":[{"href":"https:\/\/lipoid.com\/de\/wp-json\/wp\/v2\/pages"}],"about":[{"href":"https:\/\/lipoid.com\/de\/wp-json\/wp\/v2\/types\/page"}],"author":[{"embeddable":true,"href":"https:\/\/lipoid.com\/de\/wp-json\/wp\/v2\/users\/1"}],"replies":[{"embeddable":true,"href":"https:\/\/lipoid.com\/de\/wp-json\/wp\/v2\/comments?post=3112"}],"version-history":[{"count":4,"href":"https:\/\/lipoid.com\/de\/wp-json\/wp\/v2\/pages\/3112\/revisions"}],"predecessor-version":[{"id":6692,"href":"https:\/\/lipoid.com\/de\/wp-json\/wp\/v2\/pages\/3112\/revisions\/6692"}],"wp:attachment":[{"href":"https:\/\/lipoid.com\/de\/wp-json\/wp\/v2\/media?parent=3112"}],"wp:term":[{"taxonomy":"folder","embeddable":true,"href":"https:\/\/lipoid.com\/de\/wp-json\/wp\/v2\/folder?post=3112"}],"curies":[{"name":"wp","href":"https:\/\/api.w.org\/{rel}","templated":true}]}}