{"id":3135,"date":"2021-02-25T10:45:31","date_gmt":"2021-02-25T09:45:31","guid":{"rendered":"https:\/\/lipoid.com\/?page_id=3135"},"modified":"2022-06-20T18:19:21","modified_gmt":"2022-06-20T16:19:21","slug":"topische-anwendungen","status":"publish","type":"page","link":"https:\/\/lipoid.com\/de\/applications\/pharmazeutische-anwendungen\/topische-anwendungen\/","title":{"rendered":"Topische Anwendungen"},"content":{"rendered":"<p><div class=\"fusion-fullwidth fullwidth-box fusion-builder-row-1 fusion-flex-container nonhundred-percent-fullwidth non-hundred-percent-height-scrolling head-banner\" style=\"--awb-border-radius-top-left:0px;--awb-border-radius-top-right:0px;--awb-border-radius-bottom-right:0px;--awb-border-radius-bottom-left:0px;--awb-margin-bottom:60px;--awb-flex-wrap:wrap;\" ><div class=\"fusion-builder-row fusion-row fusion-flex-align-items-stretch fusion-flex-content-wrap\" style=\"max-width:calc( 1400px + 0px );margin-left: calc(-0px \/ 2 );margin-right: calc(-0px \/ 2 );\"><div class=\"fusion-layout-column fusion_builder_column fusion-builder-column-0 fusion_builder_column_2_3 2_3 fusion-flex-column\" style=\"--awb-padding-top:250px;--awb-bg-image:url(&#039;https:\/\/lipoid.com\/wp-content\/uploads\/2021\/02\/LIPOID_ludwigshafen-germany_topical_applications.jpg&#039;);--awb-bg-position:center center;--awb-bg-size:cover;--awb-width-large:66.666666666667%;--awb-margin-top-large:0px;--awb-spacing-right-large:0px;--awb-margin-bottom-large:20px;--awb-spacing-left-large:0px;--awb-width-medium:66.666666666667%;--awb-order-medium:0;--awb-spacing-right-medium:0px;--awb-spacing-left-medium:0px;--awb-width-small:100%;--awb-order-small:0;--awb-spacing-right-small:0px;--awb-spacing-left-small:0px;\"><div class=\"fusion-column-wrapper fusion-column-has-shadow fusion-flex-justify-content-flex-start fusion-content-layout-column fusion-empty-column-bg-image fusion-column-has-bg-image\" data-bg-url=\"https:\/\/lipoid.com\/wp-content\/uploads\/2021\/02\/LIPOID_ludwigshafen-germany_topical_applications.jpg\"><img decoding=\"async\" class=\"fusion-empty-dims-img-placeholder fusion-no-large-visibility fusion-no-medium-visibility\" aria-label=\"LIPOID_ludwigshafen-germany_topical_applications\" src=\"data:image\/svg+xml,%3Csvg%20xmlns%3D%27http%3A%2F%2Fwww.w3.org%2F2000%2Fsvg%27%20width%3D%27795%27%20height%3D%27215%27%20viewBox%3D%270%200%20795%20215%27%3E%3Crect%20width%3D%27795%27%20height%3D%27215%27%20fill-opacity%3D%220%22%2F%3E%3C%2Fsvg%3E\"><\/div><\/div><div class=\"fusion-layout-column fusion_builder_column fusion-builder-column-1 fusion_builder_column_1_3 1_3 fusion-flex-column banner-row\" style=\"--awb-bg-color:#648798;--awb-bg-color-hover:#648798;--awb-bg-size:cover;--awb-width-large:33.333333333333%;--awb-margin-top-large:0px;--awb-spacing-right-large:0px;--awb-margin-bottom-large:20px;--awb-spacing-left-large:0px;--awb-width-medium:33.333333333333%;--awb-spacing-right-medium:0px;--awb-spacing-left-medium:0px;--awb-width-small:100%;--awb-spacing-right-small:0px;--awb-spacing-left-small:0px;\"><div class=\"fusion-column-wrapper fusion-column-has-shadow fusion-flex-justify-content-flex-start fusion-content-layout-column\"><div class=\"fusion-text fusion-text-1 banner-text\" style=\"--awb-text-transform:none;\"><p><span class=\"weinvest-hl\">PRODUKTE IN TOPISCHEN ANWENDUNGEN<\/span><\/p>\n<p><span class=\"banner-slogan\">Phospholipide \u2013 um die Interaktion zwischen Wirkstoff und Haut zu f\u00f6rdern<\/span><\/p>\n<\/div><\/div><\/div><\/div><\/div><div class=\"fusion-fullwidth fullwidth-box fusion-builder-row-2 fusion-flex-container nonhundred-percent-fullwidth non-hundred-percent-height-scrolling\" style=\"--awb-border-radius-top-left:0px;--awb-border-radius-top-right:0px;--awb-border-radius-bottom-right:0px;--awb-border-radius-bottom-left:0px;--awb-margin-top:0px;--awb-flex-wrap:wrap;\" ><div class=\"fusion-builder-row fusion-row fusion-flex-align-items-flex-start fusion-flex-content-wrap\" style=\"max-width:1456px;margin-left: calc(-4% \/ 2 );margin-right: calc(-4% \/ 2 );\"><div class=\"fusion-layout-column fusion_builder_column fusion-builder-column-2 fusion_builder_column_1_1 1_1 fusion-flex-column\" style=\"--awb-padding-right:150px;--awb-padding-left:150px;--awb-bg-size:cover;--awb-width-large:100%;--awb-margin-top-large:0px;--awb-spacing-right-large:1.92%;--awb-margin-bottom-large:0px;--awb-spacing-left-large:1.92%;--awb-width-medium:100%;--awb-spacing-right-medium:1.92%;--awb-spacing-left-medium:1.92%;--awb-width-small:100%;--awb-spacing-right-small:1.92%;--awb-spacing-left-small:1.92%;\"><div class=\"fusion-column-wrapper fusion-column-has-shadow fusion-flex-justify-content-flex-start fusion-content-layout-column\"><div class=\"fusion-text fusion-text-2\">\n    <div class=\"lip-breadcrumbs\" style=\"padding: 0;\">\n        <ul>\n            <li>\n                <a href=\"\/\">Lipoid<\/a>\n            <\/li>\n            <li>\n                Applications\n            <\/li><li>\n                    <a href=\"https:\/\/lipoid.com\/de\/applications\/pharmazeutische-anwendungen\/\">Pharmazeutische Anwendungen<\/a>\n                <\/li><li>\n                Topische Anwendungen\n            <\/li>\n        <\/ul>\n        <\/div>\n    \n<\/div><\/div><\/div><div class=\"fusion-layout-column fusion_builder_column fusion-builder-column-3 fusion_builder_column_1_1 1_1 fusion-flex-column\" style=\"--awb-padding-right:150px;--awb-padding-left:150px;--awb-bg-size:cover;--awb-width-large:100%;--awb-margin-top-large:0px;--awb-spacing-right-large:1.92%;--awb-margin-bottom-large:20px;--awb-spacing-left-large:1.92%;--awb-width-medium:100%;--awb-spacing-right-medium:1.92%;--awb-spacing-left-medium:1.92%;--awb-width-small:100%;--awb-spacing-right-small:1.92%;--awb-spacing-left-small:1.92%;\"><div class=\"fusion-column-wrapper fusion-column-has-shadow fusion-flex-justify-content-flex-start fusion-content-layout-column\"><div class=\"fusion-text fusion-text-3 weinvestcontent\" style=\"--awb-text-transform:none;\"><p><span class=\"weinvest-hl\">PRODUKTE IN TOPISCHEN ANWENDUNGEN<\/span><\/p>\n<\/div><div class=\"fusion-title title fusion-title-1 fusion-sep-none fusion-title-text fusion-title-size-one\" style=\"--awb-text-color:#648798;--awb-margin-top-small:10px;--awb-margin-bottom-small:10px;\"><h1 class=\"fusion-title-heading title-heading-left\" style=\"margin:0;\">Topische Anwendungen<\/h1><\/div><div class=\"fusion-text fusion-text-4\" style=\"--awb-text-transform:none;\"><p>Phospholipide repr\u00e4sentieren hervorragende Hilfsstoffe f\u00fcr die topische Verabreichung. Aufgrund ihrer ungiftigen und nicht reizenden Eigenschaften sowie ihres nat\u00fcrlichen und nachwachsenden Ursprungs sind sie bestens geeignet, die hohen Qualit\u00e4tsanforderungen an moderne dermale Produkte zu erf\u00fcllen. Neben ihren ausgezeichneten Eigenschaften als Hilfsstoffe k\u00f6nnen sie auch dazu beitragen, die Dermalstruktur gereizter oder gesch\u00e4digter Haut zu verbessern. Sie eignen sich dazu, fehlende oder abgeschw\u00e4chte Stoffe in der gestressten Haut (z. B. Linols\u00e4ure) \u00fcber intrinsische Stoffwechselwege zu ersetzen.<\/p>\n<p>Bei topischen Anwendungen k\u00f6nnen Phospholipide die Interaktion zwischen Arzneimittel und Haut f\u00f6rdern, die Hautbarriere st\u00e4rken, als Feuchtigkeitsspender wirken und die Verweilzeit der Arzneimittelsubstanz auf der Hautoberfl\u00e4che verl\u00e4ngern.<\/p>\n<p>Ihre Biokompatibilit\u00e4t, ihr regulatorischer Status und ihre Leistungsf\u00e4higkeit machen Phospholipide zu einer bevorzugten Art von Hilfsstoffen. Phospholipide in O\/W-Emulsionen f\u00f6rdern die Solubilisierung von schwer wasserl\u00f6slichen Verbindungen, die in Cremes eingearbeitet werden k\u00f6nnen. Liposomen eignen sich zur Verkapselung sowohl von hydrophilen als auch von lipophilen Arzneistoffen und werden in Darreichungsformen wie Gelen, Cremes und Fl\u00fcssigsprays eingesetzt.<\/p>\n<p>Formulierungen mit unges\u00e4ttigten Phospholipiden tendieren im Vergleich zu Formulierungen ohne Phospholipide dazu, tiefer in die Haut einzudringen, wodurch sie die Abgabe des Arzneimittels an sein Ziel unterst\u00fctzen.<\/p>\n<p>Hydrierte (ges\u00e4ttigte) Phospholipide erh\u00f6hen die Verweildauer auf der Hautoberfl\u00e4che und tragen dazu bei, die Barrierefunktion intakt zu halten.<\/p>\n<p><strong><span style=\"color: #666666;\">Emulsionen<\/span><\/strong><br \/>\nPhospholipide dienen als Emulgatoren f\u00fcr O\/W- und W\/O-Emulsionen in cremeartigen Formulierungen. Schlecht wasserl\u00f6sliche Wirkstoffe k\u00f6nnen in den \u00f6ligen Bestandteilen der Formulierungen gel\u00f6st werden.<\/p>\n<p><span style=\"color: #666666;\"><strong>Liposomen<\/strong><\/span><br \/>\nPhospholipide in Form von Liposomen verbessern das pharmazeutische Profil von topischen Formulierungen. Basierend auf unges\u00e4ttigten oder hydrierten Phospholipide k\u00f6nnen diese Liposomen zu verschiedenen topischen Formulierungen, z. B. Gelprodukten, weiterverarbeitet werden.<\/p>\n<p><span style=\"color: #666666;\"><strong>Lamellare Systeme<\/strong><\/span><br \/>\nDie lamellare Anordnung von Lipiden unterst\u00fctzt wirksam die Wiederherstellung der Hautbarriere. Unser SLM Skin Lipid Matrix<sup>\u00ae<\/sup>\u00a0ist eine Basisformulierung aus hydrierten Phospholipiden mit multilamellarer Struktur, die sich leicht in topischen Produkten formulieren l\u00e4sst. Die lamellaren Schichten sollen die Schutzschicht der Hautbarriere wiederherstellen und k\u00f6nnen dazu beitragen, dass die Wirkstoffe am Wirkort verbleiben.<\/p>\n<p><span style=\"color: #666666;\"><strong>Sprays<\/strong><\/span><br \/>\nBei topischen Sprays wird die direkte Aufl\u00f6sung von Wirkstoffen mit Phospholipiden in einem L\u00f6sungsmittel erreicht. Diese Applikationsform bietet eine einfache und wirksame M\u00f6glichkeit zur dermalen Wirkstoffabgabe.<\/p>\n<\/div><\/div><\/div><\/div><\/div><section class=\"fusion-fullwidth fullwidth-box fusion-builder-row-3 fusion-flex-container nonhundred-percent-fullwidth non-hundred-percent-height-scrolling\" style=\"--awb-border-radius-top-left:0px;--awb-border-radius-top-right:0px;--awb-border-radius-bottom-right:0px;--awb-border-radius-bottom-left:0px;--awb-padding-top:30px;--awb-flex-wrap:wrap;\" ><div class=\"fusion-builder-row fusion-row fusion-flex-align-items-flex-start fusion-flex-content-wrap\" style=\"max-width:1456px;margin-left: calc(-4% \/ 2 );margin-right: calc(-4% \/ 2 );\"><div class=\"fusion-layout-column fusion_builder_column fusion-builder-column-4 fusion_builder_column_1_1 1_1 fusion-flex-column\" style=\"--awb-bg-size:cover;--awb-width-large:100%;--awb-margin-top-large:0px;--awb-spacing-right-large:1.92%;--awb-margin-bottom-large:20px;--awb-spacing-left-large:1.92%;--awb-width-medium:100%;--awb-spacing-right-medium:1.92%;--awb-spacing-left-medium:1.92%;--awb-width-small:100%;--awb-spacing-right-small:1.92%;--awb-spacing-left-small:1.92%;\"><div class=\"fusion-column-wrapper fusion-column-has-shadow fusion-flex-justify-content-flex-start fusion-content-layout-column\"><div class=\"fusion-text fusion-text-5\"><div>\n<div><section class=\"fusion-fullwidth fullwidth-box fusion-builder-row-3-1 fusion-flex-container nonhundred-percent-fullwidth non-hundred-percent-height-scrolling\" style=\"--awb-border-radius-top-left:0px;--awb-border-radius-top-right:0px;--awb-border-radius-bottom-right:0px;--awb-border-radius-bottom-left:0px;--awb-padding-top:30px;--awb-padding-right:150px;--awb-padding-left:150px;--awb-flex-wrap:wrap;\" ><div class=\"fusion-builder-row fusion-row fusion-flex-align-items-flex-start fusion-flex-content-wrap\" style=\"width:104% !important;max-width:104% !important;margin-left: calc(-4% \/ 2 );margin-right: calc(-4% \/ 2 );\"><div class=\"fusion-layout-column fusion_builder_column fusion-builder-column-5 fusion_builder_column_1_1 1_1 fusion-flex-column\" style=\"--awb-bg-size:cover;--awb-width-large:100%;--awb-flex-grow:0;--awb-flex-shrink:0;--awb-margin-top-large:-60px;--awb-spacing-right-large:1.92%;--awb-margin-bottom-large:80px;--awb-spacing-left-large:1.92%;--awb-width-medium:100%;--awb-order-medium:0;--awb-flex-grow-medium:0;--awb-flex-shrink-medium:0;--awb-spacing-right-medium:1.92%;--awb-spacing-left-medium:1.92%;--awb-width-small:100%;--awb-order-small:0;--awb-flex-grow-small:0;--awb-flex-shrink-small:0;--awb-spacing-right-small:1.92%;--awb-spacing-left-small:1.92%;\"><div class=\"fusion-column-wrapper fusion-column-has-shadow fusion-flex-justify-content-flex-start fusion-content-layout-column\"><div class=\"fusion-text fusion-text-5\" style=\"--awb-text-transform:none;\"><p>Die unten gezeigten Produkte stellen eine Auswahl unserer umfangreichen Produktpalette dar.<\/p>\n<\/div><\/div><\/div><\/div><\/section><div class=\"fusion-fullwidth fullwidth-box fusion-builder-row-3-2 fusion-flex-container nonhundred-percent-fullwidth non-hundred-percent-height-scrolling\" style=\"--awb-border-radius-top-left:0px;--awb-border-radius-top-right:0px;--awb-border-radius-bottom-right:0px;--awb-border-radius-bottom-left:0px;--awb-padding-right:0px;--awb-padding-left:0px;--awb-flex-wrap:wrap;\" ><div class=\"fusion-builder-row fusion-row fusion-flex-align-items-flex-start fusion-flex-content-wrap\" style=\"width:calc( 100% + 0px ) !important;max-width:calc( 100% + 0px ) !important;margin-left: calc(-0px \/ 2 );margin-right: calc(-0px \/ 2 );\"><div class=\"fusion-layout-column fusion_builder_column fusion-builder-column-6 fusion_builder_column_1_1 1_1 fusion-flex-column product-headline-right-container\" style=\"--awb-padding-right:150px;--awb-padding-left:150px;--awb-bg-size:cover;--awb-width-large:100%;--awb-flex-grow:0;--awb-flex-shrink:0;--awb-margin-top-large:0px;--awb-spacing-right-large:0px;--awb-margin-bottom-large:20px;--awb-spacing-left-large:0px;--awb-width-medium:100%;--awb-flex-grow-medium:0;--awb-flex-shrink-medium:0;--awb-spacing-right-medium:0px;--awb-spacing-left-medium:0px;--awb-width-small:100%;--awb-flex-grow-small:0;--awb-flex-shrink-small:0;--awb-spacing-right-small:0px;--awb-spacing-left-small:0px;\"><div class=\"fusion-column-wrapper fusion-flex-justify-content-flex-start fusion-content-layout-column\"><div class=\"fusion-title title fusion-title-2 fusion-sep-none fusion-title-text fusion-title-size-two product-headline-right\" style=\"--awb-text-color:#444;--awb-margin-bottom:10px;--awb-margin-top-small:10px;--awb-margin-bottom-small:10px;--awb-font-size:0.9em;\"><h2 class=\"fusion-title-heading title-heading-left\" style=\"font-family:&quot;FFDIN Medium Alternate&quot;;font-style:normal;font-weight:400;margin:0;font-size:1em;line-height:1.3;\">Products<\/h2><\/div><\/div><\/div><\/div><\/div><div class=\"lipoid-brand-table table-2\" style=\"width: 100%; padding: 0 150px; margin-bottom: 50px;\">\n\t<table style=\"width: 100%;\">\n\t\t<thead>\n\t\t<\/thead>\n\t\t<tbody>\n\t\t\t<tr class=\"source-title-container\">\n\t\t\t\t<td colspan=\"3\" class=\"source-title\"><strong>Soja<\/strong><\/td>\n\t\t\t<\/tr><tr>\n\t\t\t<td width=\"30%\"><span class=\"custom-small table-product-name\">LIPOID S 45<\/span><\/td>\n\t\t\t<td><span class=\"custom-small\">Lecithinfraktion mit 45&nbsp;% Phosphatidylcholin<\/span><\/td>\n\t\t\t<td width=\"25%\"><span class=\"custom-small\">CAS-No. 8030-76-0<\/span><\/td>\n\t\t<\/tr><tr>\n\t\t\t<td width=\"30%\"><span class=\"custom-small table-product-name\">LIPOID S 75<\/span><\/td>\n\t\t\t<td><span class=\"custom-small\">Phospholipide mit 70&nbsp;% Phosphatidylcholin<\/span><\/td>\n\t\t\t<td width=\"25%\"><span class=\"custom-small\">CAS-No. 8030-76-0<\/span><\/td>\n\t\t<\/tr><tr>\n\t\t\t<td width=\"30%\"><span class=\"custom-small table-product-name\">LIPOID S 100<\/span><\/td>\n\t\t\t<td><span class=\"custom-small\">Phosphatidylcholin, Gehalt \u2265&nbsp;94.0&nbsp;%<\/span><\/td>\n\t\t\t<td width=\"25%\"><span class=\"custom-small\">CAS-No. 97281-47-5<\/span><\/td>\n\t\t<\/tr><tr>\n\t\t\t<td width=\"30%\"><span class=\"custom-small table-product-name\">PHOSPHOLIPON\u00ae 90 G<\/span><\/td>\n\t\t\t<td><span class=\"custom-small\">Phosphatidylcholin, Gehalt \u2265&nbsp;94.0&nbsp;%, granuliert<\/span><\/td>\n\t\t\t<td width=\"25%\"><span class=\"custom-small\">CAS-No. 97281-47-5<\/span><\/td>\n\t\t<\/tr><tr>\n\t\t\t<td width=\"30%\"><span class=\"custom-small table-product-name\">PHOSPHOLIPON\u00ae 80 H<\/span><\/td>\n\t\t\t<td><span class=\"custom-small\">Phospholipide, hydriert, mit 70&nbsp;% Phosphatidylcholin<\/span><\/td>\n\t\t\t<td width=\"25%\"><span class=\"custom-small\">CAS-No. 92128-87-5<\/span><\/td>\n\t\t<\/tr><tr>\n\t\t\t<td width=\"30%\"><span class=\"custom-small table-product-name\">PHOSPHOLIPON\u00ae 90 H<\/span><\/td>\n\t\t\t<td><span class=\"custom-small\">Phospholipide, hydriert, Gehalt \u2265&nbsp;90.0&nbsp;%<\/span><\/td>\n\t\t\t<td width=\"25%\"><span class=\"custom-small\">CAS-No. 97281-48-6<\/span><\/td>\n\t\t<\/tr><tr>\n\t\t\t<td width=\"30%\"><span class=\"custom-small table-product-name\">PHOSAL\u00ae MCT<\/span><\/td>\n\t\t\t<td><span class=\"custom-small\">30&nbsp;% LIPOID S 75 (USP-NF)  in mittelkettigen Triglyceriden (USP-NF)<\/span><\/td>\n\t\t\t<td width=\"25%\"><span class=\"custom-small\"><\/span><\/td>\n\t\t<\/tr><tr>\n\t\t\t<td width=\"30%\"><span class=\"custom-small table-product-name\">PHOSAL\u00ae 50 PG<\/span><\/td>\n\t\t\t<td><span class=\"custom-small\">Phosphatidylcholin in Propylenglycol, Gehalt \u2265&nbsp;50.0&nbsp;%<\/span><\/td>\n\t\t\t<td width=\"25%\"><span class=\"custom-small\"><\/span><\/td>\n\t\t<\/tr><tr>\n\t\t\t<td width=\"30%\"><span class=\"custom-small table-product-name\">PHOSAL\u00ae 50 SA+<\/span><\/td>\n\t\t\t<td><span class=\"custom-small\">Phospholipid-Formulierung aus Phosphatidylcholin, Gehalt \u2265&nbsp;50.0&nbsp;% in Distelsamen\u00f6l<\/span><\/td>\n\t\t\t<td width=\"25%\"><span class=\"custom-small\"><\/span><\/td>\n\t\t<\/tr><tr>\n\t\t\t<td width=\"30%\"><span class=\"custom-small table-product-name\">PHOSAL\u00ae 53 MCT<\/span><\/td>\n\t\t\t<td><span class=\"custom-small\">Phosphatidylcholin in mittelkettigen Triglyceriden, Gehalt \u2265&nbsp;53.0&nbsp;%<\/span><\/td>\n\t\t\t<td width=\"25%\"><span class=\"custom-small\"><\/span><\/td>\n\t\t<\/tr><tr>\n\t\t\t<td width=\"30%\"><span class=\"custom-small table-product-name\">PHOSAL\u00ae 75 SA<\/span><\/td>\n\t\t\t<td><span class=\"custom-small\">Phosphatidylcholin in Ethanol und Distelsamen\u00f6l, Gehalt \u2265&nbsp;72.0&nbsp;%<\/span><\/td>\n\t\t\t<td width=\"25%\"><span class=\"custom-small\"><\/span><\/td>\n\t\t<\/tr><tr>\n\t\t\t<td width=\"30%\"><span class=\"custom-small table-product-name\">SLM Skin Lipid Matrix\u00ae 2026<\/span><\/td>\n\t\t\t<td><span class=\"custom-small\">Basisformulierung mit hydriertem Phosphatidylcholin und hautidentischen Lipiden des Stratum corneum<\/span><\/td>\n\t\t\t<td width=\"25%\"><span class=\"custom-small\"><\/span><\/td>\n\t\t<\/tr><tr class=\"source-title-container\">\n\t\t\t\t<td colspan=\"3\" class=\"source-title\"><strong>Non-GMO Soja<\/strong><\/td>\n\t\t\t<\/tr><tr>\n\t\t\t<td width=\"30%\"><span class=\"custom-small table-product-name\">LIPOID P 45<\/span><\/td>\n\t\t\t<td><span class=\"custom-small\">Lecithinfraktion mit \u2265&nbsp;45&nbsp;% Phosphatidylcholin<\/span><\/td>\n\t\t\t<td width=\"25%\"><span class=\"custom-small\">CAS-No. 8030-76-0<\/span><\/td>\n\t\t<\/tr><tr>\n\t\t\t<td width=\"30%\"><span class=\"custom-small table-product-name\">LIPOID P 75<\/span><\/td>\n\t\t\t<td><span class=\"custom-small\">Phospholipide mit \u2265&nbsp;70&nbsp;% Phosphatidylcholin<\/span><\/td>\n\t\t\t<td width=\"25%\"><span class=\"custom-small\">CAS-No. 8030-76-0<\/span><\/td>\n\t\t<\/tr><tr>\n\t\t\t<td width=\"30%\"><span class=\"custom-small table-product-name\">LIPOID P 100<\/span><\/td>\n\t\t\t<td><span class=\"custom-small\">Phosphatidylcholin, Gehalt \u2265&nbsp;90.0&nbsp;%<\/span><\/td>\n\t\t\t<td width=\"25%\"><span class=\"custom-small\">CAS-No. 97281-47-5<\/span><\/td>\n\t\t<\/tr><tr>\n\t\t\t<td width=\"30%\"><span class=\"custom-small table-product-name\">LIPOID P LPC 80<\/span><\/td>\n\t\t\t<td><span class=\"custom-small\">Lysophosphatidylcholin, Gehalt 80&nbsp;% und \u2264&nbsp;20&nbsp;% Phosphatidylcholin<\/span><\/td>\n\t\t\t<td width=\"25%\"><span class=\"custom-small\">CAS-No. 9008-30-4<\/span><\/td>\n\t\t<\/tr><tr>\n\t\t\t<td width=\"30%\"><span class=\"custom-small table-product-name\">LIPOID P 75-3<\/span><\/td>\n\t\t\t<td><span class=\"custom-small\">Phospholipide, hydriert, mit 70&nbsp;% Phosphatidylcholin<\/span><\/td>\n\t\t\t<td width=\"25%\"><span class=\"custom-small\">CAS-No. 92128-87-5<\/span><\/td>\n\t\t<\/tr><tr>\n\t\t\t<td width=\"30%\"><span class=\"custom-small table-product-name\">LIPOID P 100-3<\/span><\/td>\n\t\t\t<td><span class=\"custom-small\">Phosphatidylcholin, hydriert, Gehalt \u2265&nbsp;90.0&nbsp;%<\/span><\/td>\n\t\t\t<td width=\"25%\"><span class=\"custom-small\">CAS-No. 97281-48-6<\/span><\/td>\n\t\t<\/tr><tr>\n\t\t\t<td width=\"30%\"><span class=\"custom-small table-product-name\">LIPOID Liposome Basic<\/span><\/td>\n\t\t\t<td><span class=\"custom-small\">Vorformulierte Liposomen mit 15 % Phospholipiden in Glycerin<\/span><\/td>\n\t\t\t<td width=\"25%\"><span class=\"custom-small\"><\/span><\/td>\n\t\t<\/tr><tr>\n\t\t\t<td width=\"30%\"><span class=\"custom-small table-product-name\">LIPOID Liposome 0041<\/span><\/td>\n\t\t\t<td><span class=\"custom-small\">W\u00e4ssrige Liposomendispersion mit Sojabohnen-Phospholipiden<\/span><\/td>\n\t\t\t<td width=\"25%\"><span class=\"custom-small\"><\/span><\/td>\n\t\t<\/tr><tr class=\"source-title-container\">\n\t\t\t\t<td colspan=\"3\" class=\"source-title\"><strong>Sonnenblume (Non-GMO)<\/strong><\/td>\n\t\t\t<\/tr><tr>\n\t\t\t<td width=\"30%\"><span class=\"custom-small table-product-name\">LIPOID H 85<\/span><\/td>\n\t\t\t<td><span class=\"custom-small\">Phosphatidylcholin, Gehalt \u2265&nbsp;85&nbsp;%<\/span><\/td>\n\t\t\t<td width=\"25%\"><span class=\"custom-small\">CAS-No. 97281-49-7<\/span><\/td>\n\t\t<\/tr><tr>\n\t\t\t<td width=\"30%\"><span class=\"custom-small table-product-name\">LIPOID H 100<\/span><\/td>\n\t\t\t<td><span class=\"custom-small\">Phosphatidylcholin, Gehalt \u2265&nbsp;94.0&nbsp;%<\/span><\/td>\n\t\t\t<td width=\"25%\"><span class=\"custom-small\">CAS-No. 97281-49-7<\/span><\/td>\n\t\t<\/tr><tr>\n\t\t\t<td width=\"30%\"><span class=\"custom-small table-product-name\">LIPOID H 100-3<\/span><\/td>\n\t\t\t<td><span class=\"custom-small\">Phosphatidylcholin aus Sonnenblume, hydriert, Gehalt \u2265&nbsp;94.0&nbsp;%<\/span><\/td>\n\t\t\t<td width=\"25%\"><span class=\"custom-small\">CAS-No. 92128-87-5<\/span><\/td>\n\t\t<\/tr><tr>\n\t\t\t<td width=\"30%\"><span class=\"custom-small table-product-name\">PHOSAL\u00ae H 50<\/span><\/td>\n\t\t\t<td><span class=\"custom-small\">Phosphatidylcholin in Sonnenblumen\u00f6l, Gehalt \u2265&nbsp;50.0&nbsp;%<\/span><\/td>\n\t\t\t<td width=\"25%\"><span class=\"custom-small\"><\/span><\/td>\n\t\t<\/tr><tr>\n\t\t\t<td width=\"30%\"><span class=\"custom-small table-product-name\">SLM Eco\u00ae<\/span><\/td>\n\t\t\t<td><span class=\"custom-small\">Basisformulierung mit hydriertem Phosphatidylcholin und hautidentischen Lipiden des Stratum corneum<\/span><\/td>\n\t\t\t<td width=\"25%\"><span class=\"custom-small\"><\/span><\/td>\n\t\t<\/tr><tr class=\"source-title-container\">\n\t\t\t\t<td colspan=\"3\" class=\"source-title\"><strong>Gereinigte Fetts\u00e4uren und Fetts\u00e4uresalze<\/strong><\/td>\n\t\t\t<\/tr><tr>\n\t\t\t<td width=\"30%\"><span class=\"custom-small table-product-name\">LIPOID Purified Oleic Acid<\/span><\/td>\n\t\t\t<td><span class=\"custom-small\">\u00d6ls\u00e4ure pflanzlichen Ursprungs (Ph.Eur.), Reinheit \u2265&nbsp;65.0&nbsp;%<\/span><\/td>\n\t\t\t<td width=\"25%\"><span class=\"custom-small\">CAS-No. 112-80-1<\/span><\/td>\n\t\t<\/tr>\n\t\t<\/tbody>\n    <\/table><\/div>\n<\/div>\n<\/div><\/div><\/div><\/div><\/section><div class=\"fusion-fullwidth fullwidth-box fusion-builder-row-4 fusion-flex-container nonhundred-percent-fullwidth non-hundred-percent-height-scrolling\" style=\"--awb-border-radius-top-left:0px;--awb-border-radius-top-right:0px;--awb-border-radius-bottom-right:0px;--awb-border-radius-bottom-left:0px;--awb-margin-top:-40px;--awb-flex-wrap:wrap;\" ><div class=\"fusion-builder-row fusion-row fusion-flex-align-items-flex-start fusion-flex-content-wrap\" style=\"max-width:1456px;margin-left: calc(-4% \/ 2 );margin-right: calc(-4% \/ 2 );\"><div class=\"fusion-layout-column fusion_builder_column fusion-builder-column-7 fusion_builder_column_1_1 1_1 fusion-flex-column\" style=\"--awb-padding-right:150px;--awb-padding-left:150px;--awb-bg-size:cover;--awb-width-large:100%;--awb-flex-grow:0;--awb-flex-shrink:0;--awb-margin-top-large:0px;--awb-spacing-right-large:1.92%;--awb-margin-bottom-large:20px;--awb-spacing-left-large:1.92%;--awb-width-medium:100%;--awb-flex-grow-medium:0;--awb-flex-shrink-medium:0;--awb-spacing-right-medium:1.92%;--awb-spacing-left-medium:1.92%;--awb-width-small:100%;--awb-flex-grow-small:0;--awb-flex-shrink-small:0;--awb-spacing-right-small:1.92%;--awb-spacing-left-small:1.92%;\"><div class=\"fusion-column-wrapper fusion-column-has-shadow fusion-flex-justify-content-flex-start fusion-content-layout-column\"><div class=\"fusion-text fusion-text-7\"><div class=\"fusion-text\" style=\"margin-bottom: 90px; margin-top: 85px;\"><p><ul class=\"grouplist\"><li><strong style='font-weight: 200;'>Pharmazeutische Anwendungen<\/strong><\/li><li style=''><a href='https:\/\/lipoid.com\/de\/applications\/pharmazeutische-anwendungen\/parenterale-anwendungen\/'>Parenterale Anwendungen<\/a><\/li><li style=''><a href='https:\/\/lipoid.com\/de\/applications\/pharmazeutische-anwendungen\/orale-anwendungen\/'>Orale Anwendungen<\/a><\/li><li style=' color: rgb(153, 153, 153);'>Topische Anwendungen<\/li><li style=''><a href='https:\/\/lipoid.com\/de\/applications\/pharmazeutische-anwendungen\/pulmonale-anwendungen\/'>Pulmonale Anwendungen<\/a><\/li><li style=''><a href='https:\/\/lipoid.com\/de\/applications\/pharmazeutische-anwendungen\/anwendungen-am-auge\/'>Anwendungen am Auge<\/a><\/li><li style=''><a href='https:\/\/lipoid.com\/de\/applications\/pharmazeutische-anwendungen\/pharmazeutische-wirkstoffe-api\/'>Pharmazeutische Wirkstoffe (API)<\/a><\/li><\/ul><\/p><\/div>\n<\/div><\/div><\/div><\/div><\/div><\/p>\n","protected":false},"excerpt":{"rendered":"","protected":false},"author":2,"featured_media":0,"parent":3346,"menu_order":2,"comment_status":"closed","ping_status":"closed","template":"100-width.php","meta":{"_acf_changed":false,"footnotes":""},"folder":[],"class_list":["post-3135","page","type-page","status-publish","hentry"],"acf":[],"_links":{"self":[{"href":"https:\/\/lipoid.com\/de\/wp-json\/wp\/v2\/pages\/3135","targetHints":{"allow":["GET"]}}],"collection":[{"href":"https:\/\/lipoid.com\/de\/wp-json\/wp\/v2\/pages"}],"about":[{"href":"https:\/\/lipoid.com\/de\/wp-json\/wp\/v2\/types\/page"}],"author":[{"embeddable":true,"href":"https:\/\/lipoid.com\/de\/wp-json\/wp\/v2\/users\/2"}],"replies":[{"embeddable":true,"href":"https:\/\/lipoid.com\/de\/wp-json\/wp\/v2\/comments?post=3135"}],"version-history":[{"count":21,"href":"https:\/\/lipoid.com\/de\/wp-json\/wp\/v2\/pages\/3135\/revisions"}],"predecessor-version":[{"id":5513,"href":"https:\/\/lipoid.com\/de\/wp-json\/wp\/v2\/pages\/3135\/revisions\/5513"}],"up":[{"embeddable":true,"href":"https:\/\/lipoid.com\/de\/wp-json\/wp\/v2\/pages\/3346"}],"wp:attachment":[{"href":"https:\/\/lipoid.com\/de\/wp-json\/wp\/v2\/media?parent=3135"}],"wp:term":[{"taxonomy":"folder","embeddable":true,"href":"https:\/\/lipoid.com\/de\/wp-json\/wp\/v2\/folder?post=3135"}],"curies":[{"name":"wp","href":"https:\/\/api.w.org\/{rel}","templated":true}]}}