{"id":3137,"date":"2021-02-25T10:45:59","date_gmt":"2021-02-25T09:45:59","guid":{"rendered":"https:\/\/lipoid.com\/?page_id=3137"},"modified":"2022-06-20T18:20:06","modified_gmt":"2022-06-20T16:20:06","slug":"pulmonale-anwendungen","status":"publish","type":"page","link":"https:\/\/lipoid.com\/de\/applications\/pharmazeutische-anwendungen\/pulmonale-anwendungen\/","title":{"rendered":"Pulmonale Anwendungen"},"content":{"rendered":"<p><div class=\"fusion-fullwidth fullwidth-box fusion-builder-row-1 fusion-flex-container nonhundred-percent-fullwidth non-hundred-percent-height-scrolling head-banner\" style=\"--awb-border-radius-top-left:0px;--awb-border-radius-top-right:0px;--awb-border-radius-bottom-right:0px;--awb-border-radius-bottom-left:0px;--awb-margin-bottom:60px;--awb-flex-wrap:wrap;\" ><div class=\"fusion-builder-row fusion-row fusion-flex-align-items-stretch fusion-flex-content-wrap\" style=\"max-width:calc( 1400px + 0px );margin-left: calc(-0px \/ 2 );margin-right: calc(-0px \/ 2 );\"><div class=\"fusion-layout-column fusion_builder_column fusion-builder-column-0 fusion_builder_column_2_3 2_3 fusion-flex-column\" style=\"--awb-padding-top:250px;--awb-bg-image:url(&#039;https:\/\/lipoid.com\/wp-content\/uploads\/2021\/02\/LIPOID_ludwigshafen-germany_pulmonary_applications.jpg&#039;);--awb-bg-position:center center;--awb-bg-size:cover;--awb-width-large:66.666666666667%;--awb-margin-top-large:0px;--awb-spacing-right-large:0px;--awb-margin-bottom-large:20px;--awb-spacing-left-large:0px;--awb-width-medium:66.666666666667%;--awb-order-medium:0;--awb-spacing-right-medium:0px;--awb-spacing-left-medium:0px;--awb-width-small:100%;--awb-order-small:0;--awb-spacing-right-small:0px;--awb-spacing-left-small:0px;\"><div class=\"fusion-column-wrapper fusion-column-has-shadow fusion-flex-justify-content-flex-start fusion-content-layout-column fusion-empty-column-bg-image fusion-column-has-bg-image\" data-bg-url=\"https:\/\/lipoid.com\/wp-content\/uploads\/2021\/02\/LIPOID_ludwigshafen-germany_pulmonary_applications.jpg\"><img decoding=\"async\" class=\"fusion-empty-dims-img-placeholder fusion-no-large-visibility fusion-no-medium-visibility\" aria-label=\"LIPOID_ludwigshafen-germany_pulmonary_applications\" src=\"data:image\/svg+xml,%3Csvg%20xmlns%3D%27http%3A%2F%2Fwww.w3.org%2F2000%2Fsvg%27%20width%3D%27795%27%20height%3D%27215%27%20viewBox%3D%270%200%20795%20215%27%3E%3Crect%20width%3D%27795%27%20height%3D%27215%27%20fill-opacity%3D%220%22%2F%3E%3C%2Fsvg%3E\"><\/div><\/div><div class=\"fusion-layout-column fusion_builder_column fusion-builder-column-1 fusion_builder_column_1_3 1_3 fusion-flex-column banner-row\" style=\"--awb-bg-color:#648798;--awb-bg-color-hover:#648798;--awb-bg-size:cover;--awb-width-large:33.333333333333%;--awb-margin-top-large:0px;--awb-spacing-right-large:0px;--awb-margin-bottom-large:20px;--awb-spacing-left-large:0px;--awb-width-medium:33.333333333333%;--awb-spacing-right-medium:0px;--awb-spacing-left-medium:0px;--awb-width-small:100%;--awb-spacing-right-small:0px;--awb-spacing-left-small:0px;\"><div class=\"fusion-column-wrapper fusion-column-has-shadow fusion-flex-justify-content-flex-start fusion-content-layout-column\"><div class=\"fusion-text fusion-text-1 banner-text\" style=\"--awb-text-transform:none;\"><p><span class=\"weinvest-hl\">PRODUKTE IN PULMONALEN ANWENDUNGEN<\/span><\/p>\n<p><span class=\"banner-slogan\">Phospholipide \u2013 als ideale Hilfsstoffe fu\u0308r pulmonale Anwendungen<\/span><\/p>\n<\/div><\/div><\/div><\/div><\/div><div class=\"fusion-fullwidth fullwidth-box fusion-builder-row-2 fusion-flex-container nonhundred-percent-fullwidth non-hundred-percent-height-scrolling\" style=\"--awb-border-radius-top-left:0px;--awb-border-radius-top-right:0px;--awb-border-radius-bottom-right:0px;--awb-border-radius-bottom-left:0px;--awb-margin-top:0px;--awb-flex-wrap:wrap;\" ><div class=\"fusion-builder-row fusion-row fusion-flex-align-items-flex-start fusion-flex-content-wrap\" style=\"max-width:1456px;margin-left: calc(-4% \/ 2 );margin-right: calc(-4% \/ 2 );\"><div class=\"fusion-layout-column fusion_builder_column fusion-builder-column-2 fusion_builder_column_1_1 1_1 fusion-flex-column\" style=\"--awb-padding-right:150px;--awb-padding-left:150px;--awb-bg-size:cover;--awb-width-large:100%;--awb-margin-top-large:0px;--awb-spacing-right-large:1.92%;--awb-margin-bottom-large:0px;--awb-spacing-left-large:1.92%;--awb-width-medium:100%;--awb-spacing-right-medium:1.92%;--awb-spacing-left-medium:1.92%;--awb-width-small:100%;--awb-spacing-right-small:1.92%;--awb-spacing-left-small:1.92%;\"><div class=\"fusion-column-wrapper fusion-column-has-shadow fusion-flex-justify-content-flex-start fusion-content-layout-column\"><div class=\"fusion-text fusion-text-2\">\n    <div class=\"lip-breadcrumbs\" style=\"padding: 0;\">\n        <ul>\n            <li>\n                <a href=\"\/\">Lipoid<\/a>\n            <\/li>\n            <li>\n                Applications\n            <\/li><li>\n                    <a href=\"https:\/\/lipoid.com\/de\/applications\/pharmazeutische-anwendungen\/\">Pharmazeutische Anwendungen<\/a>\n                <\/li><li>\n                Pulmonale Anwendungen\n            <\/li>\n        <\/ul>\n        <\/div>\n    \n<\/div><\/div><\/div><div class=\"fusion-layout-column fusion_builder_column fusion-builder-column-3 fusion_builder_column_1_1 1_1 fusion-flex-column\" style=\"--awb-padding-right:150px;--awb-padding-left:150px;--awb-bg-size:cover;--awb-width-large:100%;--awb-margin-top-large:0px;--awb-spacing-right-large:1.92%;--awb-margin-bottom-large:20px;--awb-spacing-left-large:1.92%;--awb-width-medium:100%;--awb-spacing-right-medium:1.92%;--awb-spacing-left-medium:1.92%;--awb-width-small:100%;--awb-spacing-right-small:1.92%;--awb-spacing-left-small:1.92%;\"><div class=\"fusion-column-wrapper fusion-column-has-shadow fusion-flex-justify-content-flex-start fusion-content-layout-column\"><div class=\"fusion-text fusion-text-3 weinvestcontent\" style=\"--awb-text-transform:none;\"><p><span class=\"weinvest-hl\">PRODUKTE IN PULMONALEN ANWENDUNGEN<\/span><\/p>\n<\/div><div class=\"fusion-title title fusion-title-1 fusion-sep-none fusion-title-text fusion-title-size-one\" style=\"--awb-text-color:#648798;--awb-margin-top-small:10px;--awb-margin-bottom-small:10px;\"><h1 class=\"fusion-title-heading title-heading-left\" style=\"margin:0;\">Pulmonale Anwendungen<\/h1><\/div><div class=\"fusion-text fusion-text-4\" style=\"--awb-text-transform:none;\"><p>Die Lungenschleimhaut besteht zu mehr als 80 % aus Phospholipiden, die eine entscheidende Rolle an der Luft-Blut-Grenzfl\u00e4che in den menschlichen Lungenbl\u00e4schen spielen. Es ist seit langem bekannt, dass Phospholipide bei der Behandlung des Atemnotsyndroms bei Neugeborenen n\u00fctzlich sind und den Mangel an Surfactant in der Lunge dieser Kinder ausgleichen.<\/p>\n<p>In j\u00fcngster Zeit sind weitere phospholipidhaltige Darreichungsformen f\u00fcr die Inhalation in den Markt eingef\u00fchrt worden. In Anbetracht ihres ausgezeichneten Toxizit\u00e4tsprofils und ihres endogenen Vorkommens in hoher Konzentration in Kombination mit einzigartigen technischen Eigenschaften sind Phospholipide, insbesondere ges\u00e4ttigte PCs und PGs, ausgezeichnete Hilfsstoffe f\u00fcr pulmonale Anwendungen. Sie werden entweder in Form von Trockenpulver zur Inhalation oder in fl\u00fcssigen Formulierungen zur Verneblung eingesetzt.<\/p>\n<\/div><\/div><\/div><\/div><\/div><section class=\"fusion-fullwidth fullwidth-box fusion-builder-row-3 fusion-flex-container nonhundred-percent-fullwidth non-hundred-percent-height-scrolling\" style=\"--awb-border-radius-top-left:0px;--awb-border-radius-top-right:0px;--awb-border-radius-bottom-right:0px;--awb-border-radius-bottom-left:0px;--awb-padding-top:30px;--awb-flex-wrap:wrap;\" ><div class=\"fusion-builder-row fusion-row fusion-flex-align-items-flex-start fusion-flex-content-wrap\" style=\"max-width:1456px;margin-left: calc(-4% \/ 2 );margin-right: calc(-4% \/ 2 );\"><div class=\"fusion-layout-column fusion_builder_column fusion-builder-column-4 fusion_builder_column_1_1 1_1 fusion-flex-column\" style=\"--awb-bg-size:cover;--awb-width-large:100%;--awb-margin-top-large:0px;--awb-spacing-right-large:1.92%;--awb-margin-bottom-large:20px;--awb-spacing-left-large:1.92%;--awb-width-medium:100%;--awb-spacing-right-medium:1.92%;--awb-spacing-left-medium:1.92%;--awb-width-small:100%;--awb-spacing-right-small:1.92%;--awb-spacing-left-small:1.92%;\"><div class=\"fusion-column-wrapper fusion-column-has-shadow fusion-flex-justify-content-flex-start fusion-content-layout-column\"><div class=\"fusion-text fusion-text-5\"><div>\n<div><section class=\"fusion-fullwidth fullwidth-box fusion-builder-row-3-1 fusion-flex-container nonhundred-percent-fullwidth non-hundred-percent-height-scrolling\" style=\"--awb-border-radius-top-left:0px;--awb-border-radius-top-right:0px;--awb-border-radius-bottom-right:0px;--awb-border-radius-bottom-left:0px;--awb-padding-top:30px;--awb-padding-right:150px;--awb-padding-left:150px;--awb-flex-wrap:wrap;\" ><div class=\"fusion-builder-row fusion-row fusion-flex-align-items-flex-start fusion-flex-content-wrap\" style=\"width:104% !important;max-width:104% !important;margin-left: calc(-4% \/ 2 );margin-right: calc(-4% \/ 2 );\"><div class=\"fusion-layout-column fusion_builder_column fusion-builder-column-5 fusion_builder_column_1_1 1_1 fusion-flex-column\" style=\"--awb-bg-size:cover;--awb-width-large:100%;--awb-flex-grow:0;--awb-flex-shrink:0;--awb-margin-top-large:-60px;--awb-spacing-right-large:1.92%;--awb-margin-bottom-large:80px;--awb-spacing-left-large:1.92%;--awb-width-medium:100%;--awb-order-medium:0;--awb-flex-grow-medium:0;--awb-flex-shrink-medium:0;--awb-spacing-right-medium:1.92%;--awb-spacing-left-medium:1.92%;--awb-width-small:100%;--awb-order-small:0;--awb-flex-grow-small:0;--awb-flex-shrink-small:0;--awb-spacing-right-small:1.92%;--awb-spacing-left-small:1.92%;\"><div class=\"fusion-column-wrapper fusion-column-has-shadow fusion-flex-justify-content-flex-start fusion-content-layout-column\"><div class=\"fusion-text fusion-text-5\" style=\"--awb-text-transform:none;\"><p>Die unten gezeigten Produkte stellen eine Auswahl unserer umfangreichen Produktpalette dar.<\/p>\n<\/div><\/div><\/div><\/div><\/section><div class=\"fusion-fullwidth fullwidth-box fusion-builder-row-3-2 fusion-flex-container nonhundred-percent-fullwidth non-hundred-percent-height-scrolling\" style=\"--awb-border-radius-top-left:0px;--awb-border-radius-top-right:0px;--awb-border-radius-bottom-right:0px;--awb-border-radius-bottom-left:0px;--awb-padding-right:0px;--awb-padding-left:0px;--awb-flex-wrap:wrap;\" ><div class=\"fusion-builder-row fusion-row fusion-flex-align-items-flex-start fusion-flex-content-wrap\" style=\"width:calc( 100% + 0px ) !important;max-width:calc( 100% + 0px ) !important;margin-left: calc(-0px \/ 2 );margin-right: calc(-0px \/ 2 );\"><div class=\"fusion-layout-column fusion_builder_column fusion-builder-column-6 fusion_builder_column_1_1 1_1 fusion-flex-column product-headline-right-container\" style=\"--awb-padding-right:150px;--awb-padding-left:150px;--awb-bg-size:cover;--awb-width-large:100%;--awb-flex-grow:0;--awb-flex-shrink:0;--awb-margin-top-large:0px;--awb-spacing-right-large:0px;--awb-margin-bottom-large:20px;--awb-spacing-left-large:0px;--awb-width-medium:100%;--awb-flex-grow-medium:0;--awb-flex-shrink-medium:0;--awb-spacing-right-medium:0px;--awb-spacing-left-medium:0px;--awb-width-small:100%;--awb-flex-grow-small:0;--awb-flex-shrink-small:0;--awb-spacing-right-small:0px;--awb-spacing-left-small:0px;\"><div class=\"fusion-column-wrapper fusion-flex-justify-content-flex-start fusion-content-layout-column\"><div class=\"fusion-title title fusion-title-2 fusion-sep-none fusion-title-text fusion-title-size-two product-headline-right\" style=\"--awb-text-color:#444;--awb-margin-bottom:10px;--awb-margin-top-small:10px;--awb-margin-bottom-small:10px;--awb-font-size:0.9em;\"><h2 class=\"fusion-title-heading title-heading-left\" style=\"font-family:&quot;FFDIN Medium Alternate&quot;;font-style:normal;font-weight:400;margin:0;font-size:1em;line-height:1.3;\">Products<\/h2><\/div><\/div><\/div><\/div><\/div><div class=\"lipoid-brand-table table-2\" style=\"width: 100%; padding: 0 150px; margin-bottom: 50px;\">\n\t<table style=\"width: 100%;\">\n\t\t<thead>\n\t\t<\/thead>\n\t\t<tbody>\n\t\t\t<tr class=\"source-title-container\">\n\t\t\t\t<td colspan=\"3\" class=\"source-title\"><strong>Soja<\/strong><\/td>\n\t\t\t<\/tr><tr>\n\t\t\t<td width=\"30%\"><span class=\"custom-small table-product-name\">LIPOID S 100<\/span><\/td>\n\t\t\t<td><span class=\"custom-small\">Phosphatidylcholin, Gehalt \u2265&nbsp;94.0&nbsp;%<\/span><\/td>\n\t\t\t<td width=\"25%\"><span class=\"custom-small\">CAS-No. 97281-47-5<\/span><\/td>\n\t\t<\/tr><tr>\n\t\t\t<td width=\"30%\"><span class=\"custom-small table-product-name\">LIPOID S PC-3<\/span><\/td>\n\t\t\t<td><span class=\"custom-small\">Phosphatidylcholin, hydriert, Gehalt \u2265&nbsp;98.0&nbsp;%<\/span><\/td>\n\t\t\t<td width=\"25%\"><span class=\"custom-small\">CAS-No. 97281-48-6<\/span><\/td>\n\t\t<\/tr><tr class=\"source-title-container\">\n\t\t\t\t<td colspan=\"3\" class=\"source-title\"><strong>Synthetisch<\/strong><\/td>\n\t\t\t<\/tr><tr>\n\t\t\t<td width=\"30%\"><span class=\"custom-small table-product-name\">LIPOID PC 14:0\/14:0 (DMPC)<\/span><\/td>\n\t\t\t<td><span class=\"custom-small\">1,2-Dimyristoyl-<i>sn<\/i>-Glycero-3-Phosphocholin<\/span><\/td>\n\t\t\t<td width=\"25%\"><span class=\"custom-small\">CAS-No. 18194-24-6<\/span><\/td>\n\t\t<\/tr><tr>\n\t\t\t<td width=\"30%\"><span class=\"custom-small table-product-name\">LIPOID PC 16:0\/16:0 (DPPC)<\/span><\/td>\n\t\t\t<td><span class=\"custom-small\">1,2-Dipalmitoyl-<i>sn<\/i>-Glycero-3-Phosphocholin<\/span><\/td>\n\t\t\t<td width=\"25%\"><span class=\"custom-small\">CAS-No. 63-89-8<\/span><\/td>\n\t\t<\/tr><tr>\n\t\t\t<td width=\"30%\"><span class=\"custom-small table-product-name\">LIPOID PC 18:0\/18:0 (DSPC)<\/span><\/td>\n\t\t\t<td><span class=\"custom-small\">1,2-Distearoyl-<i>sn<\/i>-Glycero-3-Phosphocholin<\/span><\/td>\n\t\t\t<td width=\"25%\"><span class=\"custom-small\">CAS-No. 816-94-4<\/span><\/td>\n\t\t<\/tr><tr>\n\t\t\t<td width=\"30%\"><span class=\"custom-small table-product-name\">LIPOID PC 18:1\/18:1 (DOPC)<\/span><\/td>\n\t\t\t<td><span class=\"custom-small\">1,2-Dioleoyl<i>sn<\/i>-Glycero-3-Phosphocholin<\/span><\/td>\n\t\t\t<td width=\"25%\"><span class=\"custom-small\">CAS-No. 4235-95-4<\/span><\/td>\n\t\t<\/tr><tr>\n\t\t\t<td width=\"30%\"><span class=\"custom-small table-product-name\">LIPOID PC 16:0\/18:1 (POPC)<\/span><\/td>\n\t\t\t<td><span class=\"custom-small\">1-Palmitoyl-2-oleoyl-<i>sn<\/i>-Glycero-3-Phosphocholin<\/span><\/td>\n\t\t\t<td width=\"25%\"><span class=\"custom-small\">CAS-No. 26853-31-6<\/span><\/td>\n\t\t<\/tr><tr>\n\t\t\t<td width=\"30%\"><span class=\"custom-small table-product-name\">LIPOID PG 18:0\/18:0 (DSPG-Na)<\/span><\/td>\n\t\t\t<td><span class=\"custom-small\">1,2-Distearoyl-<i>sn<\/i>-glycero-3-phospho-<i>rac<\/i>-glycerol, Natriumsalz<\/span><\/td>\n\t\t\t<td width=\"25%\"><span class=\"custom-small\">CAS-No. 200880-42-8<\/span><\/td>\n\t\t<\/tr><tr>\n\t\t\t<td width=\"30%\"><span class=\"custom-small table-product-name\">LIPOID PG 16:0\/18:1 (POPG-Na)<\/span><\/td>\n\t\t\t<td><span class=\"custom-small\">1-Palmitoyl-2-oleoyl-<i>sn<\/i>-glycero-3-phospho-<i>rac<\/i>-glycerol, Natriumsalz<\/span><\/td>\n\t\t\t<td width=\"25%\"><span class=\"custom-small\">CAS-No. 208070-86-8<\/span><\/td>\n\t\t<\/tr><tr>\n\t\t\t<td width=\"30%\"><span class=\"custom-small table-product-name\">LIPOID PA 16:0\/16:0 (DPPA-Na)<\/span><\/td>\n\t\t\t<td><span class=\"custom-small\">1,2-Dipalmitoyl-<i>sn<\/i>-glycero-3-phosphat, Mononatriumsalz<\/span><\/td>\n\t\t\t<td width=\"25%\"><span class=\"custom-small\">CAS-No. 169051-60-9<\/span><\/td>\n\t\t<\/tr>\n\t\t<\/tbody>\n    <\/table><\/div>\n<\/div>\n<\/div><\/div><\/div><\/div><\/section><div class=\"fusion-fullwidth fullwidth-box fusion-builder-row-4 fusion-flex-container nonhundred-percent-fullwidth non-hundred-percent-height-scrolling\" style=\"--awb-border-radius-top-left:0px;--awb-border-radius-top-right:0px;--awb-border-radius-bottom-right:0px;--awb-border-radius-bottom-left:0px;--awb-margin-top:-40px;--awb-flex-wrap:wrap;\" ><div class=\"fusion-builder-row fusion-row fusion-flex-align-items-flex-start fusion-flex-content-wrap\" style=\"max-width:1456px;margin-left: calc(-4% \/ 2 );margin-right: calc(-4% \/ 2 );\"><div class=\"fusion-layout-column fusion_builder_column fusion-builder-column-7 fusion_builder_column_1_1 1_1 fusion-flex-column\" style=\"--awb-padding-right:150px;--awb-padding-left:150px;--awb-bg-size:cover;--awb-width-large:100%;--awb-flex-grow:0;--awb-flex-shrink:0;--awb-margin-top-large:0px;--awb-spacing-right-large:1.92%;--awb-margin-bottom-large:20px;--awb-spacing-left-large:1.92%;--awb-width-medium:100%;--awb-flex-grow-medium:0;--awb-flex-shrink-medium:0;--awb-spacing-right-medium:1.92%;--awb-spacing-left-medium:1.92%;--awb-width-small:100%;--awb-flex-grow-small:0;--awb-flex-shrink-small:0;--awb-spacing-right-small:1.92%;--awb-spacing-left-small:1.92%;\"><div class=\"fusion-column-wrapper fusion-column-has-shadow fusion-flex-justify-content-flex-start fusion-content-layout-column\"><div class=\"fusion-text fusion-text-7\"><div class=\"fusion-text\" style=\"margin-bottom: 90px; margin-top: 85px;\"><p><ul class=\"grouplist\"><li><strong style='font-weight: 200;'>Pharmazeutische Anwendungen<\/strong><\/li><li style=''><a href='https:\/\/lipoid.com\/de\/applications\/pharmazeutische-anwendungen\/parenterale-anwendungen\/'>Parenterale Anwendungen<\/a><\/li><li style=''><a href='https:\/\/lipoid.com\/de\/applications\/pharmazeutische-anwendungen\/orale-anwendungen\/'>Orale Anwendungen<\/a><\/li><li style=''><a href='https:\/\/lipoid.com\/de\/applications\/pharmazeutische-anwendungen\/topische-anwendungen\/'>Topische Anwendungen<\/a><\/li><li style=' color: rgb(153, 153, 153);'>Pulmonale Anwendungen<\/li><li style=''><a href='https:\/\/lipoid.com\/de\/applications\/pharmazeutische-anwendungen\/anwendungen-am-auge\/'>Anwendungen am Auge<\/a><\/li><li style=''><a href='https:\/\/lipoid.com\/de\/applications\/pharmazeutische-anwendungen\/pharmazeutische-wirkstoffe-api\/'>Pharmazeutische Wirkstoffe (API)<\/a><\/li><\/ul><\/p><\/div>\n<\/div><\/div><\/div><\/div><\/div><\/p>\n","protected":false},"excerpt":{"rendered":"","protected":false},"author":2,"featured_media":0,"parent":3346,"menu_order":3,"comment_status":"closed","ping_status":"closed","template":"100-width.php","meta":{"_acf_changed":false,"_relevanssi_hide_post":"","_relevanssi_hide_content":"","_relevanssi_pin_for_all":"","_relevanssi_pin_keywords":"","_relevanssi_unpin_keywords":"","_relevanssi_related_keywords":"","_relevanssi_related_include_ids":"","_relevanssi_related_exclude_ids":"","_relevanssi_related_no_append":"","_relevanssi_related_not_related":"","_relevanssi_related_posts":"","_relevanssi_noindex_reason":"","footnotes":""},"folder":[],"class_list":["post-3137","page","type-page","status-publish","hentry"],"acf":[],"_links":{"self":[{"href":"https:\/\/lipoid.com\/de\/wp-json\/wp\/v2\/pages\/3137","targetHints":{"allow":["GET"]}}],"collection":[{"href":"https:\/\/lipoid.com\/de\/wp-json\/wp\/v2\/pages"}],"about":[{"href":"https:\/\/lipoid.com\/de\/wp-json\/wp\/v2\/types\/page"}],"author":[{"embeddable":true,"href":"https:\/\/lipoid.com\/de\/wp-json\/wp\/v2\/users\/2"}],"replies":[{"embeddable":true,"href":"https:\/\/lipoid.com\/de\/wp-json\/wp\/v2\/comments?post=3137"}],"version-history":[{"count":20,"href":"https:\/\/lipoid.com\/de\/wp-json\/wp\/v2\/pages\/3137\/revisions"}],"predecessor-version":[{"id":5514,"href":"https:\/\/lipoid.com\/de\/wp-json\/wp\/v2\/pages\/3137\/revisions\/5514"}],"up":[{"embeddable":true,"href":"https:\/\/lipoid.com\/de\/wp-json\/wp\/v2\/pages\/3346"}],"wp:attachment":[{"href":"https:\/\/lipoid.com\/de\/wp-json\/wp\/v2\/media?parent=3137"}],"wp:term":[{"taxonomy":"folder","embeddable":true,"href":"https:\/\/lipoid.com\/de\/wp-json\/wp\/v2\/folder?post=3137"}],"curies":[{"name":"wp","href":"https:\/\/api.w.org\/{rel}","templated":true}]}}