{"id":3143,"date":"2021-02-25T11:12:44","date_gmt":"2021-02-25T10:12:44","guid":{"rendered":"https:\/\/lipoid.com\/?page_id=3143"},"modified":"2022-06-20T19:08:46","modified_gmt":"2022-06-20T17:08:46","slug":"anwendungen-fuer-nahrungsergaenzungsmittel","status":"publish","type":"page","link":"https:\/\/lipoid.com\/de\/applications\/anwendungen-fuer-nahrungsergaenzungsmittel\/","title":{"rendered":"Anwendungen f\u00fcr Nahrungserg\u00e4nzungsmittel"},"content":{"rendered":"<p><div class=\"fusion-fullwidth fullwidth-box fusion-builder-row-1 fusion-flex-container nonhundred-percent-fullwidth non-hundred-percent-height-scrolling head-banner\" style=\"--awb-border-radius-top-left:0px;--awb-border-radius-top-right:0px;--awb-border-radius-bottom-right:0px;--awb-border-radius-bottom-left:0px;--awb-flex-wrap:wrap;\" ><div class=\"fusion-builder-row fusion-row fusion-flex-align-items-stretch fusion-flex-content-wrap\" style=\"max-width:calc( 1400px + 0px );margin-left: calc(-0px \/ 2 );margin-right: calc(-0px \/ 2 );\"><div class=\"fusion-layout-column fusion_builder_column fusion-builder-column-0 fusion_builder_column_2_3 2_3 fusion-flex-column\" style=\"--awb-padding-top:250px;--awb-bg-image:url(&#039;https:\/\/lipoid.com\/wp-content\/uploads\/2020\/04\/lipoid-health-nutrition-application-headbanner.jpg&#039;);--awb-bg-position:center center;--awb-bg-size:cover;--awb-width-large:66.666666666667%;--awb-margin-top-large:0px;--awb-spacing-right-large:0px;--awb-margin-bottom-large:20px;--awb-spacing-left-large:0px;--awb-width-medium:66.666666666667%;--awb-order-medium:0;--awb-spacing-right-medium:0px;--awb-spacing-left-medium:0px;--awb-width-small:100%;--awb-order-small:0;--awb-spacing-right-small:0px;--awb-spacing-left-small:0px;\"><div class=\"fusion-column-wrapper fusion-column-has-shadow fusion-flex-justify-content-flex-start fusion-content-layout-column fusion-empty-column-bg-image fusion-column-has-bg-image\" data-bg-url=\"https:\/\/lipoid.com\/wp-content\/uploads\/2020\/04\/lipoid-health-nutrition-application-headbanner.jpg\"><img decoding=\"async\" class=\"fusion-empty-dims-img-placeholder fusion-no-large-visibility fusion-no-medium-visibility\" aria-label=\"lipoid-health-nutrition-application-headbanner\" src=\"data:image\/svg+xml,%3Csvg%20xmlns%3D%27http%3A%2F%2Fwww.w3.org%2F2000%2Fsvg%27%20width%3D%271500%27%20height%3D%271000%27%20viewBox%3D%270%200%201500%201000%27%3E%3Crect%20width%3D%271500%27%20height%3D%271000%27%20fill-opacity%3D%220%22%2F%3E%3C%2Fsvg%3E\"><\/div><\/div><div class=\"fusion-layout-column fusion_builder_column fusion-builder-column-1 fusion_builder_column_1_3 1_3 fusion-flex-column banner-row\" style=\"--awb-bg-color:#cf8149;--awb-bg-color-hover:#cf8149;--awb-bg-size:cover;--awb-width-large:33.333333333333%;--awb-margin-top-large:0px;--awb-spacing-right-large:0px;--awb-margin-bottom-large:20px;--awb-spacing-left-large:0px;--awb-width-medium:33.333333333333%;--awb-spacing-right-medium:0px;--awb-spacing-left-medium:0px;--awb-width-small:100%;--awb-spacing-right-small:0px;--awb-spacing-left-small:0px;\"><div class=\"fusion-column-wrapper fusion-column-has-shadow fusion-flex-justify-content-flex-start fusion-content-layout-column\"><div class=\"fusion-text fusion-text-1 banner-text\" style=\"--awb-text-transform:none;\"><p><span class=\"weinvest-hl\">PRODUKTE IN INNOVATIVEN NUTRAZEUTIKA<\/span><\/p>\n<p><span class=\"banner-slogan\">Phospholipide \u2013 k\u00f6rpereigene Stoffe mit besonders guter Vertr\u00e4glichkeit<\/span><\/p>\n<\/div><\/div><\/div><\/div><\/div><div class=\"fusion-fullwidth fullwidth-box fusion-builder-row-2 fusion-flex-container nonhundred-percent-fullwidth non-hundred-percent-height-scrolling\" style=\"--awb-border-radius-top-left:0px;--awb-border-radius-top-right:0px;--awb-border-radius-bottom-right:0px;--awb-border-radius-bottom-left:0px;--awb-flex-wrap:wrap;\" ><div class=\"fusion-builder-row fusion-row fusion-flex-align-items-flex-start fusion-flex-content-wrap\" style=\"max-width:1456px;margin-left: calc(-4% \/ 2 );margin-right: calc(-4% \/ 2 );\"><div class=\"fusion-layout-column fusion_builder_column fusion-builder-column-2 fusion_builder_column_1_1 1_1 fusion-flex-column\" style=\"--awb-padding-right:150px;--awb-padding-left:150px;--awb-bg-size:cover;--awb-width-large:100%;--awb-margin-top-large:0px;--awb-spacing-right-large:1.92%;--awb-margin-bottom-large:0px;--awb-spacing-left-large:1.92%;--awb-width-medium:100%;--awb-spacing-right-medium:1.92%;--awb-spacing-left-medium:1.92%;--awb-width-small:100%;--awb-spacing-right-small:1.92%;--awb-spacing-left-small:1.92%;\"><div class=\"fusion-column-wrapper fusion-column-has-shadow fusion-flex-justify-content-flex-start fusion-content-layout-column\"><div class=\"fusion-text fusion-text-2\"><div>\n<div>\n    <div class=\"lip-breadcrumbs\" style=\"padding: 0;\">\n        <ul>\n            <li>\n                <a href=\"\/\">Lipoid<\/a>\n            <\/li>\n            <li>\n                Applications\n            <\/li><li>\n                Anwendungen f\u00fcr Nahrungserg\u00e4nzungsmittel\n            <\/li>\n        <\/ul>\n        <\/div>\n    <\/div>\n<\/div>\n<\/div><\/div><\/div><div class=\"fusion-layout-column fusion_builder_column fusion-builder-column-3 fusion_builder_column_2_3 2_3 fusion-flex-column\" style=\"--awb-padding-left:150px;--awb-bg-size:cover;--awb-width-large:66.666666666667%;--awb-margin-top-large:0px;--awb-spacing-right-large:2.88%;--awb-margin-bottom-large:20px;--awb-spacing-left-large:2.88%;--awb-width-medium:66.666666666667%;--awb-spacing-right-medium:2.88%;--awb-spacing-left-medium:2.88%;--awb-width-small:100%;--awb-spacing-right-small:1.92%;--awb-spacing-left-small:1.92%;\"><div class=\"fusion-column-wrapper fusion-column-has-shadow fusion-flex-justify-content-flex-start fusion-content-layout-column\"><div class=\"fusion-text fusion-text-3 weinvestcontent\" style=\"--awb-text-transform:none;\"><p><span class=\"weinvest-hl\">PRODUKTE IN INNOVATIVEN NUTRAZEUTIKA<\/span><\/p>\n<\/div><div class=\"fusion-title title fusion-title-1 fusion-sep-none fusion-title-text fusion-title-size-one\" style=\"--awb-text-color:#cf8149;--awb-margin-top-small:10px;--awb-margin-bottom-small:10px;\"><h1 class=\"fusion-title-heading title-heading-left\" style=\"margin:0;\">Anwendungen f\u00fcr Nahrungserg\u00e4nzungsmittel<\/h1><\/div><div class=\"fusion-text fusion-text-4\" style=\"--awb-text-transform:none;\"><p>Phospholipide sind die Hauptbestandteile von nat\u00fcrlichem Lecithin, das von der Food and Drug Administration der USA als &#8220;generally recognized as safe&#8221; (GRAS) anerkannt ist. In der EU ist Lecithin ein f\u00fcr Lebensmittel zugelassener Zusatzstoff (E 322), der ohne Einschr\u00e4nkung verwendet werden darf. Dar\u00fcber hinaus sind Phospholipide wesentliche Bausteine aller Zellmembranen. Da sie k\u00f6rpereigene Stoffe sind, werden sie sehr gut vertragen. Mit ihren lipophilen und hydrophilen Eigenschaften dienen sie als nat\u00fcrliche funktionelle Inhaltsstoffe, z. B. als Emulgatoren oder Liposomenbildner. Dadurch k\u00f6nnen sie die Bioverf\u00fcgbarkeit verschiedener N\u00e4hrstoffe erh\u00f6hen.<\/p>\n<p>Dar\u00fcber hinaus sind Phospholipide wichtige Wirkstoffe. Sie sind eine nat\u00fcrliche Quelle f\u00fcr essenzielle Fetts\u00e4uren und andere Mikron\u00e4hrstoffe wie Cholin.<\/p>\n<p class=\"p1\">L<span class=\"s1\">i<\/span>poid b<span class=\"s2\">ie<\/span><span class=\"s3\">t<\/span><span class=\"s2\">e<\/span>t v<span class=\"s2\">e<\/span>rsch<span class=\"s1\">i<\/span>e<span class=\"s2\">dene <\/span>fluss<span class=\"s1\">i<\/span>g<span class=\"s2\">e <\/span>For<span class=\"s2\">m<\/span>ul<span class=\"s1\">i<\/span>erung<span class=\"s2\">e<\/span>n auf der Basis vo<span class=\"s2\">n <\/span>Phospholipiden <span class=\"s2\">a<\/span><span class=\"s1\">n<\/span><span class=\"s4\">, <\/span>die entweder se<span class=\"s5\">l<\/span>bs<span class=\"s1\">t<\/span>e<span class=\"s1\">m<\/span><span class=\"s2\">u<\/span><span class=\"s1\">l<\/span>g<span class=\"s2\">i<\/span>e<span class=\"s2\">r<\/span>e<span class=\"s1\">n<\/span><span class=\"s2\">d<\/span>e Systeme, Emulsionen oder Liposomen umfassen. Diese Systeme k\u00f6nnen mit verschiedenen Wirkstoffen kombiniert werden, um deren Bioverf\u00fcgbarkeit zu erh\u00f6hen. Sie sind als fertige, mit ausgew\u00e4hlten N\u00e4hrstoffen beladene Systeme oder als Leerformulierungen f\u00fcr die Herstellung ma\u00dfgeschneiderter Produkte erh\u00e4ltlich. Zus\u00e4tzlich weisen diese Phospholipid-Systeme eine hohe physikalische Stabilit\u00e4t, einen angenehmen Geschmack und ein sehr ansprechendes Aussehen auf und sind mit vielen anderen Fl\u00fcssigkeiten und Getr\u00e4nken kompatibel.<\/p>\n<\/div><\/div><\/div><div class=\"fusion-layout-column fusion_builder_column fusion-builder-column-4 fusion_builder_column_1_3 1_3 fusion-flex-column\" style=\"--awb-padding-top:90px;--awb-padding-right:150px;--awb-bg-size:cover;--awb-width-large:33.333333333333%;--awb-margin-top-large:0px;--awb-spacing-right-large:5.76%;--awb-margin-bottom-large:20px;--awb-spacing-left-large:5.76%;--awb-width-medium:33.333333333333%;--awb-spacing-right-medium:5.76%;--awb-spacing-left-medium:5.76%;--awb-width-small:100%;--awb-spacing-right-small:1.92%;--awb-spacing-left-small:1.92%;\"><div class=\"fusion-column-wrapper fusion-column-has-shadow fusion-flex-justify-content-flex-start fusion-content-layout-column\"><div class=\"fusion-image-element \" style=\"--awb-max-width:200px;--awb-caption-title-font-family:var(--h2_typography-font-family);--awb-caption-title-font-weight:var(--h2_typography-font-weight);--awb-caption-title-font-style:var(--h2_typography-font-style);--awb-caption-title-size:var(--h2_typography-font-size);--awb-caption-title-transform:var(--h2_typography-text-transform);--awb-caption-title-line-height:var(--h2_typography-line-height);--awb-caption-title-letter-spacing:var(--h2_typography-letter-spacing);\"><span class=\" fusion-imageframe imageframe-none imageframe-1 hover-type-zoomin\"><img decoding=\"async\" width=\"496\" height=\"449\" title=\"LIPOID_website_pikto_applications_diaetetik\" src=\"https:\/\/lipoid.com\/wp-content\/uploads\/2020\/04\/LIPOID_website_pikto_applications_diaetetik.png\" alt class=\"img-responsive wp-image-2817\" srcset=\"https:\/\/lipoid.com\/wp-content\/uploads\/2020\/04\/LIPOID_website_pikto_applications_diaetetik-200x181.png 200w, https:\/\/lipoid.com\/wp-content\/uploads\/2020\/04\/LIPOID_website_pikto_applications_diaetetik-400x362.png 400w, https:\/\/lipoid.com\/wp-content\/uploads\/2020\/04\/LIPOID_website_pikto_applications_diaetetik.png 496w\" sizes=\"(max-width: 640px) 100vw, 400px\" \/><\/span><\/div><\/div><\/div><\/div><\/div><div class=\"fusion-fullwidth fullwidth-box fusion-builder-row-3 fusion-flex-container nonhundred-percent-fullwidth non-hundred-percent-height-scrolling apptable\" style=\"--awb-border-radius-top-left:0px;--awb-border-radius-top-right:0px;--awb-border-radius-bottom-right:0px;--awb-border-radius-bottom-left:0px;--awb-margin-top:-10px;--awb-flex-wrap:wrap;\" ><div class=\"fusion-builder-row fusion-row fusion-flex-align-items-flex-start fusion-flex-content-wrap\" style=\"max-width:1456px;margin-left: calc(-4% \/ 2 );margin-right: calc(-4% \/ 2 );\"><div class=\"fusion-layout-column fusion_builder_column fusion-builder-column-5 fusion_builder_column_1_1 1_1 fusion-flex-column\" style=\"--awb-padding-right:150px;--awb-padding-left:150px;--awb-bg-size:cover;--awb-width-large:100%;--awb-margin-top-large:0px;--awb-spacing-right-large:1.92%;--awb-margin-bottom-large:20px;--awb-spacing-left-large:1.92%;--awb-width-medium:100%;--awb-spacing-right-medium:1.92%;--awb-spacing-left-medium:1.92%;--awb-width-small:100%;--awb-spacing-right-small:1.92%;--awb-spacing-left-small:1.92%;\"><div class=\"fusion-column-wrapper fusion-column-has-shadow fusion-flex-justify-content-flex-start fusion-content-layout-column\"><div class=\"fusion-text fusion-text-5\"><div>\n<div><div class=\"fusion-text\" style=\"margin-bottom: 90px; margin-top: 85px;\"><p><ul class=\"grouplist\"><li><strong style='font-weight: 200;'>Anwendungen f\u00fcr Nahrungserg\u00e4nzungsmittel<\/strong><\/li><li style=''><a href='https:\/\/lipoid.com\/de\/applications\/anwendungen-fuer-nahrungsergaenzungsmittel\/funktionelle-inhaltsstoffe\/'>Funktionelle Inhaltsstoffe<\/a><\/li><li style=''><a href='https:\/\/lipoid.com\/de\/applications\/anwendungen-fuer-nahrungsergaenzungsmittel\/aktivstoffe\/'>Aktivstoffe<\/a><\/li><li style=''><a href='https:\/\/lipoid.com\/de\/applications\/anwendungen-fuer-nahrungsergaenzungsmittel\/phospholipid-formulierungen\/'>Phospholipid-Formulierungen<\/a><\/li><\/ul><\/p><\/div><\/div>\n<\/div>\n<\/div><\/div><\/div><\/div><\/div><div class=\"fusion-bg-parallax\" data-bg-align=\"center center\" data-direction=\"up\" data-mute=\"false\" data-opacity=\"100\" data-velocity=\"-0.3\" data-mobile-enabled=\"false\" data-break_parents=\"0\" data-bg-image=\"https:\/\/lipoid.com\/wp-content\/uploads\/2020\/06\/lipoid-ludwigshafen-health-nutrition-application-parallax.jpg\" data-bg-repeat=\"false\" ><\/div><div class=\"fusion-fullwidth fullwidth-box fusion-builder-row-4 fusion-flex-container fusion-parallax-up hundred-percent-fullwidth non-hundred-percent-height-scrolling\" style=\"--awb-border-radius-top-left:0px;--awb-border-radius-top-right:0px;--awb-border-radius-bottom-right:0px;--awb-border-radius-bottom-left:0px;--awb-padding-top:700px;--awb-margin-bottom:50px;--awb-background-image:url(&quot;https:\/\/lipoid.com\/wp-content\/uploads\/2020\/06\/lipoid-ludwigshafen-health-nutrition-application-parallax.jpg&quot;);--awb-background-size:cover;--awb-flex-wrap:wrap;\" ><div class=\"fusion-builder-row fusion-row fusion-flex-align-items-flex-start fusion-flex-content-wrap\" style=\"width:104% !important;max-width:104% !important;margin-left: calc(-4% \/ 2 );margin-right: calc(-4% \/ 2 );\"><div class=\"fusion-layout-column fusion_builder_column fusion-builder-column-6 fusion_builder_column_1_1 1_1 fusion-flex-column\" style=\"--awb-bg-size:cover;--awb-width-large:100%;--awb-margin-top-large:0px;--awb-spacing-right-large:1.92%;--awb-margin-bottom-large:20px;--awb-spacing-left-large:1.92%;--awb-width-medium:100%;--awb-spacing-right-medium:1.92%;--awb-spacing-left-medium:1.92%;--awb-width-small:100%;--awb-spacing-right-small:1.92%;--awb-spacing-left-small:1.92%;\"><div class=\"fusion-column-wrapper fusion-column-has-shadow fusion-flex-justify-content-flex-start fusion-content-layout-column\"><\/div><\/div><\/div><\/div><\/p>\n","protected":false},"excerpt":{"rendered":"","protected":false},"author":2,"featured_media":0,"parent":3114,"menu_order":1,"comment_status":"closed","ping_status":"closed","template":"100-width.php","meta":{"_acf_changed":false,"footnotes":""},"folder":[],"class_list":["post-3143","page","type-page","status-publish","hentry"],"acf":[],"_links":{"self":[{"href":"https:\/\/lipoid.com\/de\/wp-json\/wp\/v2\/pages\/3143","targetHints":{"allow":["GET"]}}],"collection":[{"href":"https:\/\/lipoid.com\/de\/wp-json\/wp\/v2\/pages"}],"about":[{"href":"https:\/\/lipoid.com\/de\/wp-json\/wp\/v2\/types\/page"}],"author":[{"embeddable":true,"href":"https:\/\/lipoid.com\/de\/wp-json\/wp\/v2\/users\/2"}],"replies":[{"embeddable":true,"href":"https:\/\/lipoid.com\/de\/wp-json\/wp\/v2\/comments?post=3143"}],"version-history":[{"count":24,"href":"https:\/\/lipoid.com\/de\/wp-json\/wp\/v2\/pages\/3143\/revisions"}],"predecessor-version":[{"id":5521,"href":"https:\/\/lipoid.com\/de\/wp-json\/wp\/v2\/pages\/3143\/revisions\/5521"}],"up":[{"embeddable":true,"href":"https:\/\/lipoid.com\/de\/wp-json\/wp\/v2\/pages\/3114"}],"wp:attachment":[{"href":"https:\/\/lipoid.com\/de\/wp-json\/wp\/v2\/media?parent=3143"}],"wp:term":[{"taxonomy":"folder","embeddable":true,"href":"https:\/\/lipoid.com\/de\/wp-json\/wp\/v2\/folder?post=3143"}],"curies":[{"name":"wp","href":"https:\/\/api.w.org\/{rel}","templated":true}]}}