{"id":3146,"date":"2021-02-25T11:13:13","date_gmt":"2021-02-25T10:13:13","guid":{"rendered":"https:\/\/lipoid.com\/?page_id=3146"},"modified":"2022-06-20T18:53:25","modified_gmt":"2022-06-20T16:53:25","slug":"funktionelle-inhaltsstoffe","status":"publish","type":"page","link":"https:\/\/lipoid.com\/de\/applications\/anwendungen-fuer-nahrungsergaenzungsmittel\/funktionelle-inhaltsstoffe\/","title":{"rendered":"Funktionelle Inhaltsstoffe"},"content":{"rendered":"<p><div class=\"fusion-fullwidth fullwidth-box fusion-builder-row-1 fusion-flex-container nonhundred-percent-fullwidth non-hundred-percent-height-scrolling head-banner\" style=\"--awb-border-radius-top-left:0px;--awb-border-radius-top-right:0px;--awb-border-radius-bottom-right:0px;--awb-border-radius-bottom-left:0px;--awb-flex-wrap:wrap;\" ><div class=\"fusion-builder-row fusion-row fusion-flex-align-items-stretch fusion-flex-content-wrap\" style=\"max-width:calc( 1400px + 0px );margin-left: calc(-0px \/ 2 );margin-right: calc(-0px \/ 2 );\"><div class=\"fusion-layout-column fusion_builder_column fusion-builder-column-0 fusion_builder_column_2_3 2_3 fusion-flex-column\" style=\"--awb-padding-top:250px;--awb-bg-image:url(&#039;https:\/\/lipoid.com\/wp-content\/uploads\/2021\/05\/LIPOID_website_header_healthnutrition_functionals.jpg&#039;);--awb-bg-position:center center;--awb-bg-size:cover;--awb-width-large:66.666666666667%;--awb-margin-top-large:0px;--awb-spacing-right-large:0px;--awb-margin-bottom-large:20px;--awb-spacing-left-large:0px;--awb-width-medium:66.666666666667%;--awb-order-medium:0;--awb-spacing-right-medium:0px;--awb-spacing-left-medium:0px;--awb-width-small:100%;--awb-order-small:0;--awb-spacing-right-small:0px;--awb-spacing-left-small:0px;\"><div class=\"fusion-column-wrapper fusion-column-has-shadow fusion-flex-justify-content-flex-start fusion-content-layout-column fusion-empty-column-bg-image fusion-column-has-bg-image\" data-bg-url=\"https:\/\/lipoid.com\/wp-content\/uploads\/2021\/05\/LIPOID_website_header_healthnutrition_functionals.jpg\"><img decoding=\"async\" class=\"fusion-empty-dims-img-placeholder fusion-no-large-visibility fusion-no-medium-visibility\" aria-label=\"LIPOID_website_header_healthnutrition_functionals\" src=\"data:image\/svg+xml,%3Csvg%20xmlns%3D%27http%3A%2F%2Fwww.w3.org%2F2000%2Fsvg%27%20width%3D%27939%27%20height%3D%27254%27%20viewBox%3D%270%200%20939%20254%27%3E%3Crect%20width%3D%27939%27%20height%3D%27254%27%20fill-opacity%3D%220%22%2F%3E%3C%2Fsvg%3E\"><\/div><\/div><div class=\"fusion-layout-column fusion_builder_column fusion-builder-column-1 fusion_builder_column_1_3 1_3 fusion-flex-column banner-row\" style=\"--awb-bg-color:#cf8149;--awb-bg-color-hover:#cf8149;--awb-bg-size:cover;--awb-width-large:33.333333333333%;--awb-margin-top-large:0px;--awb-spacing-right-large:0px;--awb-margin-bottom-large:20px;--awb-spacing-left-large:0px;--awb-width-medium:33.333333333333%;--awb-spacing-right-medium:0px;--awb-spacing-left-medium:0px;--awb-width-small:100%;--awb-spacing-right-small:0px;--awb-spacing-left-small:0px;\"><div class=\"fusion-column-wrapper fusion-column-has-shadow fusion-flex-justify-content-flex-start fusion-content-layout-column\"><div class=\"fusion-text fusion-text-1 banner-text\" style=\"--awb-text-transform:none;\"><p><span class=\"weinvest-hl\">PRODUKTE IN INNOVATIVER NUTRAZEUTIKA<\/span><\/p>\n<p><span class=\"banner-slogan\">Phospholipide &#8211; ideale Emulgatoren zur Steigerung der Bioverf\u00fcgbarkeit<\/span><\/p>\n<\/div><\/div><\/div><\/div><\/div><div class=\"fusion-fullwidth fullwidth-box fusion-builder-row-2 fusion-flex-container nonhundred-percent-fullwidth non-hundred-percent-height-scrolling\" style=\"--awb-border-radius-top-left:0px;--awb-border-radius-top-right:0px;--awb-border-radius-bottom-right:0px;--awb-border-radius-bottom-left:0px;--awb-flex-wrap:wrap;\" ><div class=\"fusion-builder-row fusion-row fusion-flex-align-items-flex-start fusion-flex-content-wrap\" style=\"max-width:1456px;margin-left: calc(-4% \/ 2 );margin-right: calc(-4% \/ 2 );\"><div class=\"fusion-layout-column fusion_builder_column fusion-builder-column-2 fusion_builder_column_1_1 1_1 fusion-flex-column\" style=\"--awb-padding-right:150px;--awb-padding-left:150px;--awb-bg-size:cover;--awb-width-large:100%;--awb-margin-top-large:0px;--awb-spacing-right-large:1.92%;--awb-margin-bottom-large:0px;--awb-spacing-left-large:1.92%;--awb-width-medium:100%;--awb-spacing-right-medium:1.92%;--awb-spacing-left-medium:1.92%;--awb-width-small:100%;--awb-spacing-right-small:1.92%;--awb-spacing-left-small:1.92%;\"><div class=\"fusion-column-wrapper fusion-column-has-shadow fusion-flex-justify-content-flex-start fusion-content-layout-column\"><div class=\"fusion-text fusion-text-2\"><div>\n<div>\n    <div class=\"lip-breadcrumbs\" style=\"padding: 0;\">\n        <ul>\n            <li>\n                <a href=\"\/\">Lipoid<\/a>\n            <\/li>\n            <li>\n                Applications\n            <\/li><li>\n                    <a href=\"https:\/\/lipoid.com\/de\/applications\/anwendungen-fuer-nahrungsergaenzungsmittel\/\">Anwendungen f\u00fcr Nahrungserg\u00e4nzungsmittel<\/a>\n                <\/li><li>\n                Funktionelle Inhaltsstoffe\n            <\/li>\n        <\/ul>\n        <\/div>\n    <\/div>\n<\/div>\n<\/div><\/div><\/div><div class=\"fusion-layout-column fusion_builder_column fusion-builder-column-3 fusion_builder_column_1_1 1_1 fusion-flex-column\" style=\"--awb-padding-right:150px;--awb-padding-left:150px;--awb-bg-size:cover;--awb-width-large:100%;--awb-margin-top-large:0px;--awb-spacing-right-large:1.92%;--awb-margin-bottom-large:20px;--awb-spacing-left-large:1.92%;--awb-width-medium:100%;--awb-spacing-right-medium:1.92%;--awb-spacing-left-medium:1.92%;--awb-width-small:100%;--awb-spacing-right-small:1.92%;--awb-spacing-left-small:1.92%;\"><div class=\"fusion-column-wrapper fusion-column-has-shadow fusion-flex-justify-content-flex-start fusion-content-layout-column\"><div class=\"fusion-text fusion-text-3 weinvestcontent\" style=\"--awb-text-transform:none;\"><p><span class=\"weinvest-hl\">PRODUKTE IN INNOVATIVER NUTRAZEUTIKA<\/span><\/p>\n<\/div><div class=\"fusion-title title fusion-title-1 fusion-sep-none fusion-title-text fusion-title-size-one\" style=\"--awb-text-color:#cf8149;--awb-margin-top-small:10px;--awb-margin-bottom-small:10px;\"><h1 class=\"fusion-title-heading title-heading-left\" style=\"margin:0;\">Funktionelle Inhaltsstoffe<\/h1><\/div><div class=\"fusion-text fusion-text-4\" style=\"--awb-text-transform:none;\"><p>Aufgrund ihrer amphiphilen Eigenschaften (hydrophiler Kopf und lipophiler Schwanz) sind Phospholipide vielseitig einsetzbare Hilfsstoffe f\u00fcr ein breites Anwendungsspektrum.<\/p>\n<p>Sie k\u00f6nnen lipophile Substanzen in w\u00e4ssrigen Medien durch Bildung von Emulsionen (und Mizellen) l\u00f6sen sowie hydrophile N\u00e4hrstoffe mit einer Phospholipid-Doppelschicht einkapseln. In diesen Strukturen ordnen sich hochreine Phospholipide als sogenannte Liposomen an. Diese Formulierungen k\u00f6nnen zur Verbesserung der Bioverf\u00fcgbarkeit von N\u00e4hrstoffen beitragen.<\/p>\n<\/div><\/div><\/div><\/div><\/div><section class=\"fusion-fullwidth fullwidth-box fusion-builder-row-3 fusion-flex-container nonhundred-percent-fullwidth non-hundred-percent-height-scrolling apptable\" style=\"--awb-border-radius-top-left:0px;--awb-border-radius-top-right:0px;--awb-border-radius-bottom-right:0px;--awb-border-radius-bottom-left:0px;--awb-padding-top:30px;--awb-flex-wrap:wrap;\" ><div class=\"fusion-builder-row fusion-row fusion-flex-align-items-flex-start fusion-flex-content-wrap\" style=\"max-width:1456px;margin-left: calc(-4% \/ 2 );margin-right: calc(-4% \/ 2 );\"><div class=\"fusion-layout-column fusion_builder_column fusion-builder-column-4 fusion_builder_column_1_1 1_1 fusion-flex-column\" style=\"--awb-bg-size:cover;--awb-width-large:100%;--awb-margin-top-large:0px;--awb-spacing-right-large:1.92%;--awb-margin-bottom-large:20px;--awb-spacing-left-large:1.92%;--awb-width-medium:100%;--awb-spacing-right-medium:1.92%;--awb-spacing-left-medium:1.92%;--awb-width-small:100%;--awb-spacing-right-small:1.92%;--awb-spacing-left-small:1.92%;\"><div class=\"fusion-column-wrapper fusion-column-has-shadow fusion-flex-justify-content-flex-start fusion-content-layout-column\"><div class=\"fusion-text fusion-text-5\"><div>\n<div><section class=\"fusion-fullwidth fullwidth-box fusion-builder-row-3-1 fusion-flex-container nonhundred-percent-fullwidth non-hundred-percent-height-scrolling\" style=\"--awb-border-radius-top-left:0px;--awb-border-radius-top-right:0px;--awb-border-radius-bottom-right:0px;--awb-border-radius-bottom-left:0px;--awb-padding-top:30px;--awb-padding-right:150px;--awb-padding-left:150px;--awb-flex-wrap:wrap;\" ><div class=\"fusion-builder-row fusion-row fusion-flex-align-items-flex-start fusion-flex-content-wrap\" style=\"width:104% !important;max-width:104% !important;margin-left: calc(-4% \/ 2 );margin-right: calc(-4% \/ 2 );\"><div class=\"fusion-layout-column fusion_builder_column fusion-builder-column-5 fusion_builder_column_1_1 1_1 fusion-flex-column\" style=\"--awb-bg-size:cover;--awb-width-large:100%;--awb-flex-grow:0;--awb-flex-shrink:0;--awb-margin-top-large:-60px;--awb-spacing-right-large:1.92%;--awb-margin-bottom-large:80px;--awb-spacing-left-large:1.92%;--awb-width-medium:100%;--awb-order-medium:0;--awb-flex-grow-medium:0;--awb-flex-shrink-medium:0;--awb-spacing-right-medium:1.92%;--awb-spacing-left-medium:1.92%;--awb-width-small:100%;--awb-order-small:0;--awb-flex-grow-small:0;--awb-flex-shrink-small:0;--awb-spacing-right-small:1.92%;--awb-spacing-left-small:1.92%;\"><div class=\"fusion-column-wrapper fusion-column-has-shadow fusion-flex-justify-content-flex-start fusion-content-layout-column\"><div class=\"fusion-text fusion-text-5\" style=\"--awb-text-transform:none;\"><p>Die unten gezeigten Produkte stellen eine Auswahl unserer umfangreichen Produktpalette dar.<\/p>\n<\/div><\/div><\/div><\/div><\/section><div class=\"fusion-fullwidth fullwidth-box fusion-builder-row-3-2 fusion-flex-container nonhundred-percent-fullwidth non-hundred-percent-height-scrolling\" style=\"--awb-border-radius-top-left:0px;--awb-border-radius-top-right:0px;--awb-border-radius-bottom-right:0px;--awb-border-radius-bottom-left:0px;--awb-padding-right:0px;--awb-padding-left:0px;--awb-flex-wrap:wrap;\" ><div class=\"fusion-builder-row fusion-row fusion-flex-align-items-flex-start fusion-flex-content-wrap\" style=\"width:calc( 100% + 0px ) !important;max-width:calc( 100% + 0px ) !important;margin-left: calc(-0px \/ 2 );margin-right: calc(-0px \/ 2 );\"><div class=\"fusion-layout-column fusion_builder_column fusion-builder-column-6 fusion_builder_column_1_1 1_1 fusion-flex-column product-headline-right-container\" style=\"--awb-padding-right:150px;--awb-padding-left:150px;--awb-bg-size:cover;--awb-width-large:100%;--awb-flex-grow:0;--awb-flex-shrink:0;--awb-margin-top-large:0px;--awb-spacing-right-large:0px;--awb-margin-bottom-large:20px;--awb-spacing-left-large:0px;--awb-width-medium:100%;--awb-flex-grow-medium:0;--awb-flex-shrink-medium:0;--awb-spacing-right-medium:0px;--awb-spacing-left-medium:0px;--awb-width-small:100%;--awb-flex-grow-small:0;--awb-flex-shrink-small:0;--awb-spacing-right-small:0px;--awb-spacing-left-small:0px;\"><div class=\"fusion-column-wrapper fusion-flex-justify-content-flex-start fusion-content-layout-column\"><div class=\"fusion-title title fusion-title-2 fusion-sep-none fusion-title-text fusion-title-size-two product-headline-right\" style=\"--awb-text-color:#444;--awb-margin-bottom:10px;--awb-margin-top-small:10px;--awb-margin-bottom-small:10px;--awb-font-size:0.9em;\"><h2 class=\"fusion-title-heading title-heading-left\" style=\"font-family:&quot;FFDIN Medium Alternate&quot;;font-style:normal;font-weight:400;margin:0;font-size:1em;line-height:1.3;\">Products<\/h2><\/div><\/div><\/div><\/div><\/div><div class=\"lipoid-brand-table table-2\" style=\"width: 100%; padding: 0 150px; margin-bottom: 50px;\">\n\t<table style=\"width: 100%;\">\n\t\t<thead>\n\t\t<\/thead>\n\t\t<tbody>\n\t\t\t<tr class=\"source-title-container\">\n\t\t\t\t<td colspan=\"3\" class=\"source-title\"><strong>Non-GMO Soja<\/strong><\/td>\n\t\t\t<\/tr><tr>\n\t\t\t<td width=\"30%\"><span class=\"custom-small table-product-name\">LIPOID P 45<\/span><\/td>\n\t\t\t<td><span class=\"custom-small\">Lecithinfraktion mit \u2265&nbsp;45&nbsp;% Phosphatidylcholin<\/span><\/td>\n\t\t\t<td width=\"25%\"><span class=\"custom-small\">CAS-No. 8030-76-0<\/span><\/td>\n\t\t<\/tr><tr>\n\t\t\t<td width=\"30%\"><span class=\"custom-small table-product-name\">LIPOID P 75<\/span><\/td>\n\t\t\t<td><span class=\"custom-small\">Phospholipide mit \u2265&nbsp;70&nbsp;% Phosphatidylcholin<\/span><\/td>\n\t\t\t<td width=\"25%\"><span class=\"custom-small\">CAS-No. 8030-76-0<\/span><\/td>\n\t\t<\/tr><tr class=\"source-title-container\">\n\t\t\t\t<td colspan=\"3\" class=\"source-title\"><strong>Sonnenblume (Non-GMO)<\/strong><\/td>\n\t\t\t<\/tr><tr>\n\t\t\t<td width=\"30%\"><span class=\"custom-small table-product-name\">LIPOID H 65<\/span><\/td>\n\t\t\t<td><span class=\"custom-small\">Phospholipide mit \u2265&nbsp;60&nbsp;% Phosphatidylcholin<\/span><\/td>\n\t\t\t<td width=\"25%\"><span class=\"custom-small\">CAS-No. 8002-43-5<\/span><\/td>\n\t\t<\/tr><tr>\n\t\t\t<td width=\"30%\"><span class=\"custom-small table-product-name\">LIPOID H 85<\/span><\/td>\n\t\t\t<td><span class=\"custom-small\">Phosphatidylcholin, Gehalt \u2265&nbsp;85&nbsp;%<\/span><\/td>\n\t\t\t<td width=\"25%\"><span class=\"custom-small\">CAS-No. 97281-49-7<\/span><\/td>\n\t\t<\/tr>\n\t\t<\/tbody>\n    <\/table><\/div>\n<\/div>\n<\/div><\/div><\/div><\/div><\/section><div class=\"fusion-fullwidth fullwidth-box fusion-builder-row-4 fusion-flex-container nonhundred-percent-fullwidth non-hundred-percent-height-scrolling apptable\" style=\"--awb-border-radius-top-left:0px;--awb-border-radius-top-right:0px;--awb-border-radius-bottom-right:0px;--awb-border-radius-bottom-left:0px;--awb-margin-top:-40px;--awb-flex-wrap:wrap;\" ><div class=\"fusion-builder-row fusion-row fusion-flex-align-items-flex-start fusion-flex-content-wrap\" style=\"max-width:1456px;margin-left: calc(-4% \/ 2 );margin-right: calc(-4% \/ 2 );\"><div class=\"fusion-layout-column fusion_builder_column fusion-builder-column-7 fusion_builder_column_1_1 1_1 fusion-flex-column\" style=\"--awb-padding-right:150px;--awb-padding-left:150px;--awb-bg-size:cover;--awb-width-large:100%;--awb-flex-grow:0;--awb-flex-shrink:0;--awb-margin-top-large:0px;--awb-spacing-right-large:1.92%;--awb-margin-bottom-large:20px;--awb-spacing-left-large:1.92%;--awb-width-medium:100%;--awb-flex-grow-medium:0;--awb-flex-shrink-medium:0;--awb-spacing-right-medium:1.92%;--awb-spacing-left-medium:1.92%;--awb-width-small:100%;--awb-flex-grow-small:0;--awb-flex-shrink-small:0;--awb-spacing-right-small:1.92%;--awb-spacing-left-small:1.92%;\"><div class=\"fusion-column-wrapper fusion-column-has-shadow fusion-flex-justify-content-flex-start fusion-content-layout-column\"><div class=\"fusion-text fusion-text-7\"><div class=\"fusion-text\" style=\"margin-bottom: 90px; margin-top: 85px;\"><p><ul class=\"grouplist\"><li><strong style='font-weight: 200;'>Anwendungen f\u00fcr Nahrungserg\u00e4nzungsmittel<\/strong><\/li><li style=' color: rgb(153, 153, 153);'>Funktionelle Inhaltsstoffe<\/li><li style=''><a href='https:\/\/lipoid.com\/de\/applications\/anwendungen-fuer-nahrungsergaenzungsmittel\/aktivstoffe\/'>Aktivstoffe<\/a><\/li><li style=''><a href='https:\/\/lipoid.com\/de\/applications\/anwendungen-fuer-nahrungsergaenzungsmittel\/phospholipid-formulierungen\/'>Phospholipid-Formulierungen<\/a><\/li><\/ul><\/p><\/div>\n<\/div><\/div><\/div><\/div><\/div><\/p>\n","protected":false},"excerpt":{"rendered":"","protected":false},"author":2,"featured_media":0,"parent":3143,"menu_order":1,"comment_status":"closed","ping_status":"closed","template":"100-width.php","meta":{"_acf_changed":false,"footnotes":""},"folder":[],"class_list":["post-3146","page","type-page","status-publish","hentry"],"acf":[],"_links":{"self":[{"href":"https:\/\/lipoid.com\/de\/wp-json\/wp\/v2\/pages\/3146","targetHints":{"allow":["GET"]}}],"collection":[{"href":"https:\/\/lipoid.com\/de\/wp-json\/wp\/v2\/pages"}],"about":[{"href":"https:\/\/lipoid.com\/de\/wp-json\/wp\/v2\/types\/page"}],"author":[{"embeddable":true,"href":"https:\/\/lipoid.com\/de\/wp-json\/wp\/v2\/users\/2"}],"replies":[{"embeddable":true,"href":"https:\/\/lipoid.com\/de\/wp-json\/wp\/v2\/comments?post=3146"}],"version-history":[{"count":21,"href":"https:\/\/lipoid.com\/de\/wp-json\/wp\/v2\/pages\/3146\/revisions"}],"predecessor-version":[{"id":5518,"href":"https:\/\/lipoid.com\/de\/wp-json\/wp\/v2\/pages\/3146\/revisions\/5518"}],"up":[{"embeddable":true,"href":"https:\/\/lipoid.com\/de\/wp-json\/wp\/v2\/pages\/3143"}],"wp:attachment":[{"href":"https:\/\/lipoid.com\/de\/wp-json\/wp\/v2\/media?parent=3146"}],"wp:term":[{"taxonomy":"folder","embeddable":true,"href":"https:\/\/lipoid.com\/de\/wp-json\/wp\/v2\/folder?post=3146"}],"curies":[{"name":"wp","href":"https:\/\/api.w.org\/{rel}","templated":true}]}}