{"id":3158,"date":"2021-02-25T11:16:03","date_gmt":"2021-02-25T10:16:03","guid":{"rendered":"https:\/\/lipoid.com\/?page_id=3158"},"modified":"2025-01-29T16:18:25","modified_gmt":"2025-01-29T15:18:25","slug":"kontakt","status":"publish","type":"page","link":"https:\/\/lipoid.com\/de\/kontakt\/","title":{"rendered":"Kontakt"},"content":{"rendered":"<p><div class=\"fusion-fullwidth fullwidth-box fusion-builder-row-1 fusion-flex-container nonhundred-percent-fullwidth non-hundred-percent-height-scrolling head-banner\" style=\"--awb-border-radius-top-left:0px;--awb-border-radius-top-right:0px;--awb-border-radius-bottom-right:0px;--awb-border-radius-bottom-left:0px;--awb-flex-wrap:wrap;\" ><div class=\"fusion-builder-row fusion-row fusion-flex-align-items-stretch fusion-flex-content-wrap\" style=\"max-width:calc( 1400px + 0px );margin-left: calc(-0px \/ 2 );margin-right: calc(-0px \/ 2 );\"><div class=\"fusion-layout-column fusion_builder_column fusion-builder-column-0 fusion_builder_column_2_3 2_3 fusion-flex-column\" style=\"--awb-padding-top:400px;--awb-bg-image:url(&#039;https:\/\/lipoid.com\/wp-content\/uploads\/2020\/04\/lipoid-contact-headbanner.jpg&#039;);--awb-bg-position:center center;--awb-bg-size:cover;--awb-width-large:66.666666666667%;--awb-margin-top-large:0px;--awb-spacing-right-large:0px;--awb-margin-bottom-large:20px;--awb-spacing-left-large:0px;--awb-width-medium:66.666666666667%;--awb-order-medium:0;--awb-spacing-right-medium:0px;--awb-spacing-left-medium:0px;--awb-width-small:100%;--awb-order-small:0;--awb-spacing-right-small:0px;--awb-spacing-left-small:0px;\"><div class=\"fusion-column-wrapper fusion-column-has-shadow fusion-flex-justify-content-flex-start fusion-content-layout-column fusion-empty-column-bg-image fusion-column-has-bg-image\" data-bg-url=\"https:\/\/lipoid.com\/wp-content\/uploads\/2020\/04\/lipoid-contact-headbanner.jpg\"><img decoding=\"async\" class=\"fusion-empty-dims-img-placeholder fusion-no-large-visibility fusion-no-medium-visibility\" aria-label=\"lipoid-contact-headbanner\" src=\"data:image\/svg+xml,%3Csvg%20xmlns%3D%27http%3A%2F%2Fwww.w3.org%2F2000%2Fsvg%27%20width%3D%271500%27%20height%3D%27814%27%20viewBox%3D%270%200%201500%20814%27%3E%3Crect%20width%3D%271500%27%20height%3D%27814%27%20fill-opacity%3D%220%22%2F%3E%3C%2Fsvg%3E\"><\/div><\/div><div class=\"fusion-layout-column fusion_builder_column fusion-builder-column-1 fusion_builder_column_1_3 1_3 fusion-flex-column banner-row\" style=\"--awb-bg-color:#747f6b;--awb-bg-color-hover:#747f6b;--awb-bg-size:cover;--awb-width-large:33.333333333333%;--awb-margin-top-large:0px;--awb-spacing-right-large:0px;--awb-margin-bottom-large:20px;--awb-spacing-left-large:0px;--awb-width-medium:33.333333333333%;--awb-spacing-right-medium:0px;--awb-spacing-left-medium:0px;--awb-width-small:100%;--awb-spacing-right-small:0px;--awb-spacing-left-small:0px;\"><div class=\"fusion-column-wrapper fusion-column-has-shadow fusion-flex-justify-content-flex-start fusion-content-layout-column\"><div class=\"fusion-text fusion-text-1 banner-text\" style=\"--awb-text-transform:none;\"><p><span class=\"weinvest-hl\">WELTWEITES NETZWERK<\/span><\/p>\n<p><span class=\"banner-slogan\">Acht Lipoid-Niederlassungen und Vertriebsb\u00fcros in \u00fcber 40 L\u00e4ndern f\u00fcr engste Kundenn\u00e4he<\/span><\/p>\n<\/div><\/div><\/div><\/div><\/div><div class=\"fusion-fullwidth fullwidth-box fusion-builder-row-2 fusion-flex-container has-pattern-background has-mask-background nonhundred-percent-fullwidth non-hundred-percent-height-scrolling\" style=\"--awb-border-radius-top-left:0px;--awb-border-radius-top-right:0px;--awb-border-radius-bottom-right:0px;--awb-border-radius-bottom-left:0px;--awb-padding-top:-20px;--awb-flex-wrap:wrap;\" ><div class=\"fusion-builder-row fusion-row fusion-flex-align-items-flex-start fusion-flex-content-wrap\" style=\"max-width:1456px;margin-left: calc(-4% \/ 2 );margin-right: calc(-4% \/ 2 );\"><div class=\"fusion-layout-column fusion_builder_column fusion-builder-column-2 fusion_builder_column_1_1 1_1 fusion-flex-column\" style=\"--awb-padding-right:150px;--awb-padding-left:150px;--awb-bg-size:cover;--awb-width-large:100%;--awb-margin-top-large:0px;--awb-spacing-right-large:1.92%;--awb-margin-bottom-large:20px;--awb-spacing-left-large:1.92%;--awb-width-medium:100%;--awb-spacing-right-medium:1.92%;--awb-spacing-left-medium:1.92%;--awb-width-small:100%;--awb-spacing-right-small:1.92%;--awb-spacing-left-small:1.92%;\"><div class=\"fusion-column-wrapper fusion-column-has-shadow fusion-flex-justify-content-flex-start fusion-content-layout-column\"><div class=\"fusion-title title fusion-title-1 fusion-sep-none fusion-title-text fusion-title-size-one\" style=\"--awb-margin-top-small:10px;--awb-margin-bottom-small:10px;\"><h1 class=\"fusion-title-heading title-heading-left\" style=\"margin:0;\">Kontakt<\/h1><\/div>\n<div class=\"wpcf7 no-js\" id=\"wpcf7-f3450-o1\" lang=\"de\" dir=\"ltr\" data-wpcf7-id=\"3450\">\n<div class=\"screen-reader-response\"><p role=\"status\" aria-live=\"polite\" aria-atomic=\"true\"><\/p> <ul><\/ul><\/div>\n<form action=\"\/de\/wp-json\/wp\/v2\/pages\/3158#wpcf7-f3450-o1\" method=\"post\" class=\"wpcf7-form init\" aria-label=\"Contact form\" novalidate=\"novalidate\" data-status=\"init\">\n<fieldset class=\"hidden-fields-container\"><input type=\"hidden\" name=\"_wpcf7\" value=\"3450\" \/><input type=\"hidden\" name=\"_wpcf7_version\" value=\"6.1.5\" \/><input type=\"hidden\" name=\"_wpcf7_locale\" value=\"de\" \/><input type=\"hidden\" name=\"_wpcf7_unit_tag\" value=\"wpcf7-f3450-o1\" \/><input type=\"hidden\" name=\"_wpcf7_container_post\" value=\"0\" \/><input type=\"hidden\" name=\"_wpcf7_posted_data_hash\" value=\"\" \/>\n<\/fieldset>\n<p><label> Unternehmen*<br \/>\n<span class=\"wpcf7-form-control-wrap\" data-name=\"your-company\"><input size=\"40\" maxlength=\"400\" class=\"wpcf7-form-control wpcf7-text wpcf7-validates-as-required\" aria-required=\"true\" aria-invalid=\"false\" value=\"\" type=\"text\" name=\"your-company\" \/><\/span> <\/label>\n<\/p>\n<p><label> Name*<br \/>\n<span class=\"wpcf7-form-control-wrap\" data-name=\"your-name\"><input size=\"40\" maxlength=\"400\" class=\"wpcf7-form-control wpcf7-text wpcf7-validates-as-required\" aria-required=\"true\" aria-invalid=\"false\" value=\"\" type=\"text\" name=\"your-name\" \/><\/span> <\/label>\n<\/p>\n<p><label> E-Mail*<br \/>\n<span class=\"wpcf7-form-control-wrap\" data-name=\"your-email\"><input size=\"40\" maxlength=\"400\" class=\"wpcf7-form-control wpcf7-email wpcf7-validates-as-required wpcf7-text wpcf7-validates-as-email\" aria-required=\"true\" aria-invalid=\"false\" value=\"\" type=\"email\" name=\"your-email\" \/><\/span> <\/label>\n<\/p>\n<p><label> Telefon-Nr.<br \/>\n<span class=\"wpcf7-form-control-wrap\" data-name=\"your-phonenumber\"><input size=\"40\" class=\"wpcf7-form-control wpcf7-phonetext wpcf7-text wpcf7-validates-as-phonetext\" aria-invalid=\"false\" value=\"\" type=\"text\" name=\"your-phonenumber\" \/><input type=\"hidden\" name=\"your-phonenumber-country-code\" class=\"wpcf7-phonetext-country-code\" \/><\/span> <\/label>\n<\/p>\n<p><label> Land*<br \/>\n<span class=\"wpcf7-form-control-wrap\" data-name=\"country\"><input size=\"40\" class=\"wpcf7-form-control wpcf7-countrytext wpcf7-validates-as-required wpcf7-text wpcf7-validates-as-countrytext\" aria-required=\"true\" aria-invalid=\"false\" value=\"\" type=\"text\" name=\"country\" \/><\/span><\/label>\n<\/p>\n<p><label> Wie sind Sie auf Lipoid aufmerksam geworden?*<br \/>\n<span class=\"wpcf7-form-control-wrap\" data-name=\"dropdown\"><select class=\"wpcf7-form-control wpcf7-select wpcf7-validates-as-required\" aria-required=\"true\" aria-invalid=\"false\" name=\"dropdown\"><option value=\"\">&#8212;Please choose an option&#8212;<\/option><option value=\"Empfehlung\">Empfehlung<\/option><option value=\"Seminar\/Kongress\/Konferenz\">Seminar\/Kongress\/Konferenz<\/option><option value=\"Messe\">Messe<\/option><option value=\"Fachartikel\">Fachartikel<\/option><option value=\"Internet\/Suchmaschine\">Internet\/Suchmaschine<\/option><option value=\"Social-Media\">Social-Media<\/option><option value=\"Werbung, z. B. Anzeige\">Werbung, z. B. Anzeige<\/option><option value=\"Andere\">Andere<\/option><\/select><\/span> <\/label>\n<\/p>\n<p><label> Nachricht*<br \/>\n<span class=\"wpcf7-form-control-wrap\" data-name=\"your-message\"><textarea cols=\"40\" rows=\"10\" maxlength=\"2000\" class=\"wpcf7-form-control wpcf7-textarea\" aria-invalid=\"false\" name=\"your-message\"><\/textarea><\/span> <\/label>\n<\/p>\n<p><span class=\"wpcf7-form-control-wrap\" data-name=\"acceptance-148\"><span class=\"wpcf7-form-control wpcf7-acceptance\"><span class=\"wpcf7-list-item\"><label><input type=\"checkbox\" name=\"acceptance-148\" value=\"1\" aria-invalid=\"false\" \/><span class=\"wpcf7-list-item-label\">Ich stimme zu, dass die von mir eingegebenen Daten zum Zweck der Beantwortung meiner Anfrage in \u00dcbereinstimmung mit der <a href=\"\/de\/privacy-policy\/\" target=\"_blank\" style=\"text-decoration: underline;\">Datenschutzerkl\u00e4rung<\/a> von Lipoid verarbeitet werden d\u00fcrfen<\/span><\/label><\/span><\/span><\/span>\n<\/p>\n<p><span id=\"wpcf7-69dbbe57eb5b2-wrapper\" class=\"wpcf7-form-control-wrap honeypot-316-wrap\" style=\"display:none !important; visibility:hidden !important;\"><label for=\"wpcf7-69dbbe57eb5b2-field\" class=\"hp-message\">Please leave this field empty.<\/label><input id=\"wpcf7-69dbbe57eb5b2-field\"  class=\"wpcf7-form-control wpcf7-text\" type=\"text\" name=\"honeypot-316\" value=\"\" size=\"40\" tabindex=\"-1\" autocomplete=\"new-password\" \/><\/span>\n<\/p>\n<p><input class=\"wpcf7-form-control wpcf7-submit has-spinner\" type=\"submit\" value=\"Absenden\" \/>\n<\/p>\n<p><script>\njQuery(document).ready(function(){\n jQuery('input[name=\"country\"]').prop('readonly', true);\n});\n<\/script>\n<\/p><div class=\"fusion-alert alert custom alert-custom fusion-alert-center wpcf7-response-output awb-alert-native-link-color alert-dismissable awb-alert-close-boxed\" style=\"--awb-border-size:1px;--awb-border-top-left-radius:0px;--awb-border-top-right-radius:0px;--awb-border-bottom-left-radius:0px;--awb-border-bottom-right-radius:0px;\" role=\"alert\"><div class=\"fusion-alert-content-wrapper\"><span class=\"fusion-alert-content\"><\/span><\/div><button type=\"button\" class=\"close toggle-alert\" data-dismiss=\"alert\" aria-label=\"Close\">&times;<\/button><\/div>\n<\/form>\n<\/div>\n<\/div><\/div><\/div><\/div><div class=\"fusion-fullwidth fullwidth-box fusion-builder-row-3 fusion-flex-container has-pattern-background has-mask-background nonhundred-percent-fullwidth non-hundred-percent-height-scrolling\" style=\"--awb-border-radius-top-left:0px;--awb-border-radius-top-right:0px;--awb-border-radius-bottom-right:0px;--awb-border-radius-bottom-left:0px;--awb-flex-wrap:wrap;\" ><div class=\"fusion-builder-row fusion-row fusion-flex-align-items-stretch fusion-flex-content-wrap\" style=\"max-width:calc( 1400px + 0px );margin-left: calc(-0px \/ 2 );margin-right: calc(-0px \/ 2 );\"><div class=\"fusion-layout-column fusion_builder_column fusion-builder-column-3 fusion_builder_column_2_3 2_3 fusion-flex-column\" style=\"--awb-padding-top:15px;--awb-padding-bottom:2px;--awb-padding-left:10px;--awb-bg-size:cover;--awb-border-color:#6e7e50;--awb-border-top:1px;--awb-border-right:1px;--awb-border-bottom:1px;--awb-border-left:1px;--awb-border-style:solid;--awb-width-large:66.666666666667%;--awb-margin-top-large:0px;--awb-spacing-right-large:0px;--awb-margin-bottom-large:20px;--awb-spacing-left-large:150px;--awb-width-medium:66.666666666667%;--awb-order-medium:0;--awb-spacing-right-medium:0px;--awb-spacing-left-medium:150px;--awb-width-small:100%;--awb-order-small:0;--awb-spacing-right-small:0px;--awb-spacing-left-small:0px;\" data-scroll-devices=\"small-visibility,medium-visibility,large-visibility\"><div class=\"fusion-column-wrapper fusion-column-has-shadow fusion-flex-justify-content-center fusion-content-layout-column\"><div class=\"fusion-text fusion-text-2\"><p style=\"text-align: center;\">F\u00fcr Anfragen im kosmetischen Bereich klicken Sie bitte hier<\/p>\n<\/div><\/div><\/div><div class=\"fusion-layout-column fusion_builder_column fusion-builder-column-4 fusion_builder_column_1_3 1_3 fusion-flex-column fusion-column-inner-bg-wrapper\" style=\"--awb-padding-top:15px;--awb-padding-bottom:2px;--awb-inner-bg-color:#6e7e50;--awb-inner-bg-color-hover:#6e7e50;--awb-inner-bg-size:cover;--awb-width-large:33.333333333333%;--awb-margin-top-large:0px;--awb-spacing-right-large:150px;--awb-margin-bottom-large:20px;--awb-spacing-left-large:0px;--awb-width-medium:33.333333333333%;--awb-order-medium:0;--awb-spacing-right-medium:150px;--awb-spacing-left-medium:0px;--awb-width-small:100%;--awb-order-small:0;--awb-spacing-right-small:0px;--awb-spacing-left-small:0px;\" data-scroll-devices=\"small-visibility,medium-visibility,large-visibility\"><span class=\"fusion-column-inner-bg hover-type-none\"><a class=\"fusion-column-anchor\" href=\"https:\/\/www.lipoid-kosmetik.com\" rel=\"noopener noreferrer\" target=\"_blank\"><span class=\"fusion-column-inner-bg-image\"><\/span><\/a><\/span><div class=\"fusion-column-wrapper fusion-column-has-shadow fusion-flex-justify-content-center fusion-content-layout-column\"><div class=\"fusion-text fusion-text-3\"><p style=\"text-align: center;\"><span style=\"color: #ffffff; font-size: 1.2em;\"><i class=\"fas fa-angle-right\" style=\"position: relative; top: 2px;\"><\/i> www.lipoid-kosmetik.com<\/span><\/p>\n<\/div><\/div><\/div><\/div><\/div><div class=\"fusion-fullwidth fullwidth-box fusion-builder-row-4 fusion-flex-container nonhundred-percent-fullwidth non-hundred-percent-height-scrolling\" style=\"--awb-border-radius-top-left:0px;--awb-border-radius-top-right:0px;--awb-border-radius-bottom-right:0px;--awb-border-radius-bottom-left:0px;--awb-margin-top:50px;--awb-margin-bottom:100px;--awb-flex-wrap:wrap;\" ><div class=\"fusion-builder-row fusion-row fusion-flex-align-items-flex-start fusion-flex-content-wrap\" style=\"max-width:1456px;margin-left: calc(-4% \/ 2 );margin-right: calc(-4% \/ 2 );\"><div class=\"fusion-layout-column fusion_builder_column fusion-builder-column-5 fusion_builder_column_3_5 3_5 fusion-flex-column\" style=\"--awb-padding-left:150px;--awb-bg-size:cover;--awb-width-large:60%;--awb-margin-top-large:0px;--awb-spacing-right-large:3.2%;--awb-margin-bottom-large:20px;--awb-spacing-left-large:3.2%;--awb-width-medium:60%;--awb-spacing-right-medium:3.2%;--awb-spacing-left-medium:3.2%;--awb-width-small:100%;--awb-spacing-right-small:1.92%;--awb-spacing-left-small:1.92%;\"><div class=\"fusion-column-wrapper fusion-column-has-shadow fusion-flex-justify-content-flex-start fusion-content-layout-column\"><div class=\"fusion-text fusion-text-4\" style=\"--awb-text-transform:none;\"><p><b>GERMANY &amp; NORDIC COUNTRIES<\/b><\/p>\n<p>Lipoid GmbH<br \/>\nFrigenstr. 4<br \/>\n67065 Ludwigshafen<br \/>\nGERMANY<br \/>\nPhone: +49 621 5 38 190<br \/>\nE-Mail: info@lipoid.com<\/p>\n<\/div><\/div><\/div><div class=\"fusion-layout-column fusion_builder_column fusion-builder-column-6 fusion_builder_column_2_5 2_5 fusion-flex-column\" style=\"--awb-padding-right:150px;--awb-bg-size:cover;--awb-width-large:40%;--awb-margin-top-large:0px;--awb-spacing-right-large:4.8%;--awb-margin-bottom-large:20px;--awb-spacing-left-large:4.8%;--awb-width-medium:40%;--awb-spacing-right-medium:4.8%;--awb-spacing-left-medium:4.8%;--awb-width-small:100%;--awb-spacing-right-small:1.92%;--awb-spacing-left-small:1.92%;\"><div class=\"fusion-column-wrapper fusion-column-has-shadow fusion-flex-justify-content-flex-start fusion-content-layout-column\"><div class=\"fusion-text fusion-text-5\" style=\"--awb-text-transform:none;\"><p><b>FRANCE<\/b><\/p>\n<p>Lipoid<br \/>\n23 Bd Emile Zola<br \/>\nBP 43125<br \/>\n06131 Grasse Cedex<br \/>\nFRANCE<br \/>\nPhone: +33 4 93 36 63 26<br \/>\nE-Mail: info@lipoid.fr<\/p>\n<\/div><\/div><\/div><div class=\"fusion-layout-column fusion_builder_column fusion-builder-column-7 fusion_builder_column_3_5 3_5 fusion-flex-column\" style=\"--awb-padding-left:150px;--awb-bg-size:cover;--awb-width-large:60%;--awb-margin-top-large:50px;--awb-spacing-right-large:3.2%;--awb-margin-bottom-large:20px;--awb-spacing-left-large:3.2%;--awb-width-medium:60%;--awb-spacing-right-medium:3.2%;--awb-spacing-left-medium:3.2%;--awb-width-small:100%;--awb-spacing-right-small:1.92%;--awb-spacing-left-small:1.92%;\"><div class=\"fusion-column-wrapper fusion-column-has-shadow fusion-flex-justify-content-flex-start fusion-content-layout-column\"><div class=\"fusion-text fusion-text-6\" style=\"--awb-text-transform:none;\"><p><b>USA, CANADA &amp; MEXICO (Pharma &amp; Cosmetics)<\/b><\/p>\n<p>Lipoid, Inc.<br \/>\nThe National Newark Building<br \/>\n744 Broad Street, Suite 1801<br \/>\nNewark, NJ 07102-3802<br \/>\nUSA<\/p>\n<p>3130 La Selva Street, Suite 308<br \/>\nSan Mateo, CA 94403<br \/>\nUSA<\/p>\n<p>Phone: +1 973 735 2692<br \/>\nE-Mail: info-lipoidllc@lipoid.com<\/p>\n<\/div><\/div><\/div><div class=\"fusion-layout-column fusion_builder_column fusion-builder-column-8 fusion_builder_column_2_5 2_5 fusion-flex-column\" style=\"--awb-padding-right:150px;--awb-bg-size:cover;--awb-width-large:40%;--awb-margin-top-large:50px;--awb-spacing-right-large:4.8%;--awb-margin-bottom-large:20px;--awb-spacing-left-large:4.8%;--awb-width-medium:40%;--awb-spacing-right-medium:4.8%;--awb-spacing-left-medium:4.8%;--awb-width-small:100%;--awb-spacing-right-small:1.92%;--awb-spacing-left-small:1.92%;\"><div class=\"fusion-column-wrapper fusion-column-has-shadow fusion-flex-justify-content-flex-start fusion-content-layout-column\"><div class=\"fusion-text fusion-text-7\" style=\"--awb-text-transform:none;\"><p><b>RUSSIA<\/b><\/p>\n<p>Lipoid AG<br \/>\nRepresentative Office Moscow<br \/>\nAcad. Pilugina Str. 24<br \/>\nOffice 105<br \/>\nMoscow, 117393<br \/>\nRUSSIA<br \/>\nPhone: +7 495 747 5942<br \/>\nE-Mail: moscow@lipoid.com<\/p>\n<\/div><\/div><\/div><div class=\"fusion-layout-column fusion_builder_column fusion-builder-column-9 fusion_builder_column_3_5 3_5 fusion-flex-column\" style=\"--awb-padding-left:150px;--awb-bg-size:cover;--awb-width-large:60%;--awb-margin-top-large:50px;--awb-spacing-right-large:3.2%;--awb-margin-bottom-large:20px;--awb-spacing-left-large:3.2%;--awb-width-medium:60%;--awb-spacing-right-medium:3.2%;--awb-spacing-left-medium:3.2%;--awb-width-small:100%;--awb-spacing-right-small:1.92%;--awb-spacing-left-small:1.92%;\"><div class=\"fusion-column-wrapper fusion-column-has-shadow fusion-flex-justify-content-flex-start fusion-content-layout-column\"><div class=\"fusion-text fusion-text-8\" style=\"--awb-text-transform:none;\"><p><b>USA, CANADA &amp; MEXICO (Health Nutrition)<\/b><\/p>\n<p>American Lecithin Company<br \/>\n115 Hurley Road<br \/>\nUnit 2B<br \/>\nOxford CT 06478<br \/>\nUSA<br \/>\nPhone: +1 203 262 7100<br \/>\nE-Mail: customerservice@americanlecithin.us<\/p>\n<\/div><\/div><\/div><div class=\"fusion-layout-column fusion_builder_column fusion-builder-column-10 fusion_builder_column_2_5 2_5 fusion-flex-column\" style=\"--awb-padding-right:150px;--awb-bg-size:cover;--awb-width-large:40%;--awb-margin-top-large:50px;--awb-spacing-right-large:4.8%;--awb-margin-bottom-large:20px;--awb-spacing-left-large:4.8%;--awb-width-medium:40%;--awb-spacing-right-medium:4.8%;--awb-spacing-left-medium:4.8%;--awb-width-small:100%;--awb-spacing-right-small:1.92%;--awb-spacing-left-small:1.92%;\"><div class=\"fusion-column-wrapper fusion-column-has-shadow fusion-flex-justify-content-flex-start fusion-content-layout-column\"><div class=\"fusion-text fusion-text-9\" style=\"--awb-text-transform:none;\"><p><b>KOREA<\/b><\/p>\n<p>Lipoid AG<br \/>\nRepresentative Office Seoul<br \/>\nB #2105, Riverwork, 66<br \/>\nCheongcho-ro, Deogyang-gu, Goyang-si<br \/>\nGyeonggi-do 10543<br \/>\nKOREA<br \/>\nPhone: +82 2 335 1154<br \/>\nE-Mail: korea@lipoid.com<\/p>\n<\/div><\/div><\/div><div class=\"fusion-layout-column fusion_builder_column fusion-builder-column-11 fusion_builder_column_3_5 3_5 fusion-flex-column\" style=\"--awb-padding-left:150px;--awb-bg-size:cover;--awb-width-large:60%;--awb-margin-top-large:50px;--awb-spacing-right-large:3.2%;--awb-margin-bottom-large:20px;--awb-spacing-left-large:3.2%;--awb-width-medium:60%;--awb-spacing-right-medium:3.2%;--awb-spacing-left-medium:3.2%;--awb-width-small:100%;--awb-spacing-right-small:1.92%;--awb-spacing-left-small:1.92%;\"><div class=\"fusion-column-wrapper fusion-column-has-shadow fusion-flex-justify-content-flex-start fusion-content-layout-column\"><div class=\"fusion-text fusion-text-10\" style=\"--awb-text-transform:none;\"><p><b>CHINA<\/b><\/p>\n<p>Beijing Lipoid Trading LLC<br \/>\nRoom 809, Floor 8, Silver Tower<br \/>\nNo. 2, East 3rd Ring North Road<br \/>\nChaoyang District<br \/>\nBeijing 100027<br \/>\nCHINA<br \/>\nPhone: +86 10\u00a0 8435 1892<br \/>\nFax.: \u00a0 \u00a0 +86 10\u00a0 8435 1892<br \/>\nE-Mail: china@lipoid.com<\/p>\n<\/div><\/div><\/div><div class=\"fusion-layout-column fusion_builder_column fusion-builder-column-12 fusion_builder_column_2_5 2_5 fusion-flex-column\" style=\"--awb-padding-right:150px;--awb-bg-size:cover;--awb-width-large:40%;--awb-margin-top-large:50px;--awb-spacing-right-large:4.8%;--awb-margin-bottom-large:20px;--awb-spacing-left-large:4.8%;--awb-width-medium:40%;--awb-spacing-right-medium:4.8%;--awb-spacing-left-medium:4.8%;--awb-width-small:100%;--awb-spacing-right-small:1.92%;--awb-spacing-left-small:1.92%;\"><div class=\"fusion-column-wrapper fusion-column-has-shadow fusion-flex-justify-content-flex-start fusion-content-layout-column\"><div class=\"fusion-text fusion-text-11\" style=\"--awb-text-transform:none;\"><p><b>CONTACT FOR ALL OTHER COUNTRIES<\/b><\/p>\n<p>Lipoid AG<br \/>\nSennweidstr. 44<br \/>\n6312 Steinhausen<br \/>\nSwitzerland<br \/>\nPhone: +41 41 741 74 08<br \/>\nE-Mail: info@lipoid.com<\/p>\n<\/div><\/div><\/div><\/div><\/div><\/p>\n","protected":false},"excerpt":{"rendered":"","protected":false},"author":2,"featured_media":0,"parent":0,"menu_order":0,"comment_status":"closed","ping_status":"closed","template":"100-width.php","meta":{"_acf_changed":false,"footnotes":""},"folder":[],"class_list":["post-3158","page","type-page","status-publish","hentry"],"acf":[],"_links":{"self":[{"href":"https:\/\/lipoid.com\/de\/wp-json\/wp\/v2\/pages\/3158","targetHints":{"allow":["GET"]}}],"collection":[{"href":"https:\/\/lipoid.com\/de\/wp-json\/wp\/v2\/pages"}],"about":[{"href":"https:\/\/lipoid.com\/de\/wp-json\/wp\/v2\/types\/page"}],"author":[{"embeddable":true,"href":"https:\/\/lipoid.com\/de\/wp-json\/wp\/v2\/users\/2"}],"replies":[{"embeddable":true,"href":"https:\/\/lipoid.com\/de\/wp-json\/wp\/v2\/comments?post=3158"}],"version-history":[{"count":20,"href":"https:\/\/lipoid.com\/de\/wp-json\/wp\/v2\/pages\/3158\/revisions"}],"predecessor-version":[{"id":6480,"href":"https:\/\/lipoid.com\/de\/wp-json\/wp\/v2\/pages\/3158\/revisions\/6480"}],"wp:attachment":[{"href":"https:\/\/lipoid.com\/de\/wp-json\/wp\/v2\/media?parent=3158"}],"wp:term":[{"taxonomy":"folder","embeddable":true,"href":"https:\/\/lipoid.com\/de\/wp-json\/wp\/v2\/folder?post=3158"}],"curies":[{"name":"wp","href":"https:\/\/api.w.org\/{rel}","templated":true}]}}