{"id":3173,"date":"2021-02-25T11:21:54","date_gmt":"2021-02-25T10:21:54","guid":{"rendered":"https:\/\/lipoid.com\/?page_id=3173"},"modified":"2022-06-02T17:52:51","modified_gmt":"2022-06-02T15:52:51","slug":"natuerliche-phospholipide","status":"publish","type":"page","link":"https:\/\/lipoid.com\/de\/products\/natuerliche-phospholipide\/","title":{"rendered":"Nat\u00fcrliche Phospholipide"},"content":{"rendered":"<p><div class=\"fusion-fullwidth fullwidth-box fusion-builder-row-1 fusion-flex-container nonhundred-percent-fullwidth non-hundred-percent-height-scrolling head-banner\" style=\"--awb-border-radius-top-left:0px;--awb-border-radius-top-right:0px;--awb-border-radius-bottom-right:0px;--awb-border-radius-bottom-left:0px;--awb-margin-bottom:50px;--awb-flex-wrap:wrap;\" ><div class=\"fusion-builder-row fusion-row fusion-flex-align-items-stretch fusion-flex-content-wrap\" style=\"max-width:calc( 1400px + 0px );margin-left: calc(-0px \/ 2 );margin-right: calc(-0px \/ 2 );\"><div class=\"fusion-layout-column fusion_builder_column fusion-builder-column-0 fusion_builder_column_2_3 2_3 fusion-flex-column\" style=\"--awb-padding-top:250px;--awb-bg-image:url(&#039;https:\/\/lipoid.com\/wp-content\/uploads\/2022\/04\/LIPOID_website_header_natuerliche_pl_4.22.jpg&#039;);--awb-bg-position:center center;--awb-bg-size:cover;--awb-width-large:66.666666666667%;--awb-margin-top-large:0px;--awb-spacing-right-large:0px;--awb-margin-bottom-large:20px;--awb-spacing-left-large:0px;--awb-width-medium:66.666666666667%;--awb-order-medium:0;--awb-spacing-right-medium:0px;--awb-spacing-left-medium:0px;--awb-width-small:100%;--awb-order-small:0;--awb-spacing-right-small:0px;--awb-spacing-left-small:0px;\"><div class=\"fusion-column-wrapper fusion-column-has-shadow fusion-flex-justify-content-flex-start fusion-content-layout-column fusion-empty-column-bg-image fusion-column-has-bg-image\" data-bg-url=\"https:\/\/lipoid.com\/wp-content\/uploads\/2022\/04\/LIPOID_website_header_natuerliche_pl_4.22.jpg\"><img decoding=\"async\" class=\"fusion-empty-dims-img-placeholder fusion-no-large-visibility fusion-no-medium-visibility\" aria-label=\"LIPOID_website_header_natuerliche_pl_4.22\" src=\"data:image\/svg+xml,%3Csvg%20xmlns%3D%27http%3A%2F%2Fwww.w3.org%2F2000%2Fsvg%27%20width%3D%27933%27%20height%3D%27250%27%20viewBox%3D%270%200%20933%20250%27%3E%3Crect%20width%3D%27933%27%20height%3D%27250%27%20fill-opacity%3D%220%22%2F%3E%3C%2Fsvg%3E\"><\/div><\/div><div class=\"fusion-layout-column fusion_builder_column fusion-builder-column-1 fusion_builder_column_1_3 1_3 fusion-flex-column banner-row\" style=\"--awb-bg-color:#747f6b;--awb-bg-color-hover:#747f6b;--awb-bg-size:cover;--awb-width-large:33.333333333333%;--awb-margin-top-large:0px;--awb-spacing-right-large:0px;--awb-margin-bottom-large:20px;--awb-spacing-left-large:0px;--awb-width-medium:33.333333333333%;--awb-spacing-right-medium:0px;--awb-spacing-left-medium:0px;--awb-width-small:100%;--awb-spacing-right-small:0px;--awb-spacing-left-small:0px;\"><div class=\"fusion-column-wrapper fusion-column-has-shadow fusion-flex-justify-content-flex-start fusion-content-layout-column\"><div class=\"fusion-text fusion-text-1 banner-text\" style=\"--awb-text-transform:none;\"><p><span class=\"p1 weinvest-hl\">VIELSEITIGES PRODUKTSORTIMENT<\/span><\/p>\n<p><span class=\"p1 banner-slogan\">Natu\u0308rliche Phospholipide \u2013 au\u00dfergew\u00f6hnliche Moleku\u0308le aus natu\u0308rlichen Rohstoffen<\/span><\/p>\n<\/div><\/div><\/div><\/div><\/div><div class=\"fusion-fullwidth fullwidth-box fusion-builder-row-2 fusion-flex-container nonhundred-percent-fullwidth non-hundred-percent-height-scrolling\" style=\"--awb-border-radius-top-left:0px;--awb-border-radius-top-right:0px;--awb-border-radius-bottom-right:0px;--awb-border-radius-bottom-left:0px;--awb-margin-bottom:30px;--awb-flex-wrap:wrap;\" ><div class=\"fusion-builder-row fusion-row fusion-flex-align-items-flex-start fusion-flex-content-wrap\" style=\"max-width:1456px;margin-left: calc(-4% \/ 2 );margin-right: calc(-4% \/ 2 );\"><div class=\"fusion-layout-column fusion_builder_column fusion-builder-column-2 fusion_builder_column_1_1 1_1 fusion-flex-column\" style=\"--awb-padding-right:150px;--awb-padding-left:150px;--awb-bg-size:cover;--awb-width-large:100%;--awb-margin-top-large:0px;--awb-spacing-right-large:1.92%;--awb-margin-bottom-large:20px;--awb-spacing-left-large:1.92%;--awb-width-medium:100%;--awb-spacing-right-medium:1.92%;--awb-spacing-left-medium:1.92%;--awb-width-small:100%;--awb-spacing-right-small:1.92%;--awb-spacing-left-small:1.92%;\"><div class=\"fusion-column-wrapper fusion-column-has-shadow fusion-flex-justify-content-flex-start fusion-content-layout-column\"><div class=\"fusion-text fusion-text-2\">\n   <div class=\"lip-breadcrumbs\" style=\"padding: 0;\">\n    <ul>\n        <li>\n            <a href=\"\/\">Lipoid<\/a>\n        <\/li>\n        <li>\n            Products\n        <\/li>\n        <li>\n            Nat\u00fcrliche Phospholipide\n        <\/li>\n    <\/ul>\n    <\/div>\n   \n<\/div><div class=\"fusion-text fusion-text-3 weinvestcontent product-weinvest\" style=\"--awb-text-transform:none;\"><p><span class=\"weinvest-hl\">VIELSEITIGES PRODUKTSORTIMENT<\/span><\/p>\n<\/div><div class=\"fusion-title title fusion-title-1 fusion-sep-none fusion-title-text fusion-title-size-one\" style=\"--awb-margin-top-small:10px;--awb-margin-bottom-small:10px;--awb-font-size:22px;\"><h1 class=\"fusion-title-heading title-heading-left\" style=\"margin:0;font-size:1em;\">Nat\u00fcrliche Phospholipide<\/h1><\/div><div class=\"fusion-text fusion-text-4\" style=\"--awb-text-transform:none;\"><p>Aus nat\u00fcrlichen Quellen gewonnene Phospholipide werden seit Jahrzehnten erfolgreich in pharmazeutischen Formulierungen verwendet. Nat\u00fcrliche Phospholipide werden aus erneuerbaren Quellen, z. B. Eigelb, Sojabohnen oder Sonnenblumen, mit umweltfreundlichen, nicht-toxischen Extraktionsverfahren gereinigt. Durch Hydrierung und schonende Prozesse werden modifizierte nat\u00fcrliche Phospholipide mit spezifischen funktionellen Eigenschaften erhalten. Durch die strenge Auswahl der Rohstoffe und die Anwendung anspruchsvoller Reinigungsverfahren wird eine ausgezeichnete Konsistenz der Phospholipid- und Fetts\u00e4urezusammensetzung in jeder einzelnen Charge gew\u00e4hrleistet.<\/p>\n<p>Lecithin ist ein komplexes Gemisch aus Phospholipiden und anderen nat\u00fcrlich vorkommenden Fettkomponenten wie Triglyceride, Fetts\u00e4uren, Sterine und Glycolipide. Das wichtigste Phospholipid in Lecithin ist Phosphatidylcholin (PC). Andere Komponenten wie Phosphatidylethanolamin (PE) oder Phosphatidylinositol (PI) k\u00f6nnen jedoch ebenfalls eine wichtige Rolle bei der Funktionsf\u00e4higkeit von Lecithin spielen. Die Reinigung dieser Komponenten aus Rohlecithin erm\u00f6glicht die Herstellung von genau festgelegten, hochwertigen pharmazeutischen Hilfsstoffen.<\/p>\n<p>Phospholipide sind k\u00f6rpereigene, vollst\u00e4ndig biologisch abbaubare und \u00e4u\u00dferst biokompatible Verbindungen. Die WHO legt keinen Grenzwert f\u00fcr die zul\u00e4ssige Tagesdosis (ADI) f\u00fcr die orale Anwendung von Lecithin fest, und die US-amerikanische FDA weist f\u00fcr die orale Anwendung von Lecithin den GRAS-Status (Generally Recognized as Safe) zu. Bei der parenteralen Gabe zeigen Phospholipide keine toxischen Wirkungen. Sie werden seit Jahrzehnten in gro\u00dfen Mengen f\u00fcr parenterale Anwendungen eingesetzt, was ihr ausgezeichnetes Toxizit\u00e4tsprofil best\u00e4tigt.<\/p>\n<p>Nat\u00fcrliche Phospholipide werden als Hilfsstoffe in oralen, parenteralen, inhalativen und topischen Darreichungsformen angewandt, z. B. als Benetzungsmittel, L\u00f6sungsvermittler, Emulgatoren, Liposomenbildner sowie als technische Hilfsmittel.<\/p>\n<p>Lecithin, Soja- und Ei- Phospholipide sind in den Pharmakop\u00f6en und entsprechenden Leitlinien der Zulassungsbeh\u00f6rden beschrieben. Dar\u00fcber hinaus h\u00e4lt Lipoid zahlreiche Drug Master Files (DMF) f\u00fcr seine Produkte.<\/p>\n<\/div><\/div><\/div><\/div><\/div><div class=\"fusion-fullwidth fullwidth-box fusion-builder-row-3 fusion-flex-container nonhundred-percent-fullwidth non-hundred-percent-height-scrolling\" style=\"--awb-border-radius-top-left:0px;--awb-border-radius-top-right:0px;--awb-border-radius-bottom-right:0px;--awb-border-radius-bottom-left:0px;--awb-padding-top:0px;--awb-margin-top:-40px;--awb-flex-wrap:wrap;\" ><div class=\"fusion-builder-row fusion-row fusion-flex-align-items-flex-start fusion-flex-content-wrap\" style=\"max-width:1456px;margin-left: calc(-4% \/ 2 );margin-right: calc(-4% \/ 2 );\"><div class=\"fusion-layout-column fusion_builder_column fusion-builder-column-3 fusion_builder_column_1_1 1_1 fusion-flex-column\" style=\"--awb-padding-right:150px;--awb-padding-left:150px;--awb-bg-size:cover;--awb-width-large:100%;--awb-margin-top-large:0px;--awb-spacing-right-large:1.92%;--awb-margin-bottom-large:20px;--awb-spacing-left-large:1.92%;--awb-width-medium:100%;--awb-spacing-right-medium:1.92%;--awb-spacing-left-medium:1.92%;--awb-width-small:100%;--awb-spacing-right-small:1.92%;--awb-spacing-left-small:1.92%;\"><div class=\"fusion-column-wrapper fusion-column-has-shadow fusion-flex-justify-content-flex-start fusion-content-layout-column\"><div class=\"fusion-text fusion-text-5\"><div>\n<div><div class=\"grouplist-wrapper\"><div class=\"fusion-text\" style=\"margin-bottom: 90px; margin-top: 90px;\"><p><ul class=\"grouplist\"><li><strong style='font-weight: 200;'>Nat\u00fcrliche Phospholipide<\/strong><\/li><li style=''><a href='https:\/\/lipoid.com\/de\/products\/natuerliche-phospholipide\/ungesaettigte-phospholipide\/'>Unges\u00e4ttigte Phospholipide<\/a><\/li><li style=''><a href='https:\/\/lipoid.com\/de\/products\/natuerliche-phospholipide\/hydrierte-phospholipide\/'>Hydrierte Phospholipide<\/a><\/li><li style=''><a href='https:\/\/lipoid.com\/de\/products\/natuerliche-phospholipide\/sphingomyelin\/'>Sphingomyelin (SM)<\/a><\/li><li style=''><a href='https:\/\/lipoid.com\/de\/products\/natuerliche-phospholipide\/glycerophosphocholin\/'>Glycerophosphocholin (GPC)<\/a><\/li><\/ul><\/p><\/div><\/div><\/div>\n<\/div>\n<\/div><\/div><\/div><\/div><\/div><\/p>\n","protected":false},"excerpt":{"rendered":"","protected":false},"author":2,"featured_media":0,"parent":3171,"menu_order":0,"comment_status":"closed","ping_status":"closed","template":"100-width.php","meta":{"_acf_changed":false,"footnotes":""},"folder":[],"class_list":["post-3173","page","type-page","status-publish","hentry"],"acf":[],"_links":{"self":[{"href":"https:\/\/lipoid.com\/de\/wp-json\/wp\/v2\/pages\/3173","targetHints":{"allow":["GET"]}}],"collection":[{"href":"https:\/\/lipoid.com\/de\/wp-json\/wp\/v2\/pages"}],"about":[{"href":"https:\/\/lipoid.com\/de\/wp-json\/wp\/v2\/types\/page"}],"author":[{"embeddable":true,"href":"https:\/\/lipoid.com\/de\/wp-json\/wp\/v2\/users\/2"}],"replies":[{"embeddable":true,"href":"https:\/\/lipoid.com\/de\/wp-json\/wp\/v2\/comments?post=3173"}],"version-history":[{"count":24,"href":"https:\/\/lipoid.com\/de\/wp-json\/wp\/v2\/pages\/3173\/revisions"}],"predecessor-version":[{"id":5460,"href":"https:\/\/lipoid.com\/de\/wp-json\/wp\/v2\/pages\/3173\/revisions\/5460"}],"up":[{"embeddable":true,"href":"https:\/\/lipoid.com\/de\/wp-json\/wp\/v2\/pages\/3171"}],"wp:attachment":[{"href":"https:\/\/lipoid.com\/de\/wp-json\/wp\/v2\/media?parent=3173"}],"wp:term":[{"taxonomy":"folder","embeddable":true,"href":"https:\/\/lipoid.com\/de\/wp-json\/wp\/v2\/folder?post=3173"}],"curies":[{"name":"wp","href":"https:\/\/api.w.org\/{rel}","templated":true}]}}