{"id":3181,"date":"2021-02-25T11:24:57","date_gmt":"2021-02-25T10:24:57","guid":{"rendered":"https:\/\/lipoid.com\/?page_id=3181"},"modified":"2022-05-10T19:46:47","modified_gmt":"2022-05-10T17:46:47","slug":"synthetische-phospholipide","status":"publish","type":"page","link":"https:\/\/lipoid.com\/de\/products\/synthetische-phospholipide\/","title":{"rendered":"Synthetische Phospholipide"},"content":{"rendered":"<p><div class=\"fusion-fullwidth fullwidth-box fusion-builder-row-1 fusion-flex-container nonhundred-percent-fullwidth non-hundred-percent-height-scrolling head-banner\" style=\"--awb-border-radius-top-left:0px;--awb-border-radius-top-right:0px;--awb-border-radius-bottom-right:0px;--awb-border-radius-bottom-left:0px;--awb-margin-bottom:20px;--awb-flex-wrap:wrap;\" ><div class=\"fusion-builder-row fusion-row fusion-flex-align-items-stretch fusion-flex-content-wrap\" style=\"max-width:calc( 1400px + 0px );margin-left: calc(-0px \/ 2 );margin-right: calc(-0px \/ 2 );\"><div class=\"fusion-layout-column fusion_builder_column fusion-builder-column-0 fusion_builder_column_2_3 2_3 fusion-flex-column\" style=\"--awb-padding-top:250px;--awb-bg-image:url(&#039;https:\/\/lipoid.com\/wp-content\/uploads\/2021\/01\/LIPOID_website_header_synthetic_phospholipids.jpg&#039;);--awb-bg-position:center center;--awb-bg-size:cover;--awb-width-large:66.666666666667%;--awb-margin-top-large:0px;--awb-spacing-right-large:0px;--awb-margin-bottom-large:20px;--awb-spacing-left-large:0px;--awb-width-medium:66.666666666667%;--awb-spacing-right-medium:0px;--awb-spacing-left-medium:0px;--awb-width-small:100%;--awb-spacing-right-small:0px;--awb-spacing-left-small:0px;\"><div class=\"fusion-column-wrapper fusion-column-has-shadow fusion-flex-justify-content-flex-start fusion-content-layout-column fusion-empty-column-bg-image fusion-column-has-bg-image\" data-bg-url=\"https:\/\/lipoid.com\/wp-content\/uploads\/2021\/01\/LIPOID_website_header_synthetic_phospholipids.jpg\"><img decoding=\"async\" class=\"fusion-empty-dims-img-placeholder fusion-no-large-visibility fusion-no-medium-visibility\" aria-label=\"LIPOID_website_header_synthetic_phospholipids\" src=\"data:image\/svg+xml,%3Csvg%20xmlns%3D%27http%3A%2F%2Fwww.w3.org%2F2000%2Fsvg%27%20width%3D%27795%27%20height%3D%27215%27%20viewBox%3D%270%200%20795%20215%27%3E%3Crect%20width%3D%27795%27%20height%3D%27215%27%20fill-opacity%3D%220%22%2F%3E%3C%2Fsvg%3E\"><\/div><\/div><div class=\"fusion-layout-column fusion_builder_column fusion-builder-column-1 fusion_builder_column_1_3 1_3 fusion-flex-column banner-row\" style=\"--awb-bg-color:#747f6b;--awb-bg-color-hover:#747f6b;--awb-bg-size:cover;--awb-width-large:33.333333333333%;--awb-margin-top-large:0px;--awb-spacing-right-large:0px;--awb-margin-bottom-large:20px;--awb-spacing-left-large:0px;--awb-width-medium:33.333333333333%;--awb-spacing-right-medium:0px;--awb-spacing-left-medium:0px;--awb-width-small:100%;--awb-spacing-right-small:0px;--awb-spacing-left-small:0px;\"><div class=\"fusion-column-wrapper fusion-column-has-shadow fusion-flex-justify-content-flex-start fusion-content-layout-column\"><div class=\"fusion-text fusion-text-1 banner-text\" style=\"--awb-text-transform:none;\"><p><span class=\"weinvest-hl\">VIELSEITIGES PRODUKTSORTIMENT<\/span><\/p>\n<p><span class=\"banner-slogan\">Synthetische Phospholipide \u2013 molekulare Verbindungen natu\u0308rlichen Ursprungs<\/span><\/p>\n<\/div><\/div><\/div><\/div><\/div><div class=\"fusion-fullwidth fullwidth-box fusion-builder-row-2 fusion-flex-container nonhundred-percent-fullwidth non-hundred-percent-height-scrolling\" style=\"--awb-border-radius-top-left:0px;--awb-border-radius-top-right:0px;--awb-border-radius-bottom-right:0px;--awb-border-radius-bottom-left:0px;--awb-flex-wrap:wrap;\" ><div class=\"fusion-builder-row fusion-row fusion-flex-align-items-flex-start fusion-flex-content-wrap\" style=\"max-width:1456px;margin-left: calc(-4% \/ 2 );margin-right: calc(-4% \/ 2 );\"><div class=\"fusion-layout-column fusion_builder_column fusion-builder-column-2 fusion_builder_column_1_1 1_1 fusion-flex-column\" style=\"--awb-padding-right:150px;--awb-padding-left:150px;--awb-bg-size:cover;--awb-width-large:100%;--awb-margin-top-large:0px;--awb-spacing-right-large:1.92%;--awb-margin-bottom-large:20px;--awb-spacing-left-large:1.92%;--awb-width-medium:100%;--awb-spacing-right-medium:1.92%;--awb-spacing-left-medium:1.92%;--awb-width-small:100%;--awb-spacing-right-small:1.92%;--awb-spacing-left-small:1.92%;\"><div class=\"fusion-column-wrapper fusion-column-has-shadow fusion-flex-justify-content-flex-start fusion-content-layout-column\"><div class=\"fusion-text fusion-text-2\">\n   <div class=\"lip-breadcrumbs\" style=\"padding: 0;\">\n    <ul>\n        <li>\n            <a href=\"\/\">Lipoid<\/a>\n        <\/li>\n        <li>\n            Products\n        <\/li>\n        <li>\n            Synthetische Phospholipide\n        <\/li>\n    <\/ul>\n    <\/div>\n   \n<\/div><div class=\"fusion-text fusion-text-3 weinvestcontent product-weinvest\" style=\"--awb-text-transform:none;\"><p><span class=\"weinvest-hl\">VIELSEITIGES PRODUKTSORTIMENT<\/span><\/p>\n<\/div><div class=\"fusion-title title fusion-title-1 fusion-sep-none fusion-title-text fusion-title-size-one\" style=\"--awb-margin-top-small:10px;--awb-margin-bottom-small:10px;\"><h1 class=\"fusion-title-heading title-heading-left\" style=\"margin:0;\">Synthetische Phospholipide<\/h1><\/div><div class=\"fusion-text fusion-text-4\" style=\"--awb-text-transform:none;\"><p>Synthetische Phospholipide sind molekulare Verbindungen mit spezifischen polaren Kopfgruppen und Fetts\u00e4uren, die aus nat\u00fcrlichem Phospholipid-Ausgangsmaterial hergestellt werden und dadurch die nat\u00fcrliche stereochemische Konfiguration besitzen. Aufgrund der vielf\u00e4ltigen Kombinationsm\u00f6glichkeiten k\u00f6nnen synthetische Phospholipide f\u00fcr spezielle pharmazeutische Anwendungen ma\u00dfgeschneidert hergestellt werden.<\/p>\n<p>Synthetische Phospholipide werden bevorzugt als Hilfsstoffe f\u00fcr die Liposomenbildung, Emulgierung sowie als technische Hilfsmittel in parenteralen und inhalativen Darreichungsformen eingesetzt. Zu solchen Darreichungsformen geh\u00f6ren liposomale Formulierungen, Lipid-Nanopartikel, Mischmizellen, Emulsionen und Trockenpulver zur Inhalation.<\/p>\n<p>Drug Master Files (DMFs) sind f\u00fcr viele der Produkte erh\u00e4ltlich. Wenden Sie sich f\u00fcr weitere Informationen bitte an <a href=\"mailto:info@lipoid.com\">info@lipoid.com<\/a>.<\/p>\n<\/div><\/div><\/div><\/div><\/div><div class=\"fusion-fullwidth fullwidth-box fusion-builder-row-3 fusion-flex-container nonhundred-percent-fullwidth non-hundred-percent-height-scrolling\" style=\"--awb-border-radius-top-left:0px;--awb-border-radius-top-right:0px;--awb-border-radius-bottom-right:0px;--awb-border-radius-bottom-left:0px;--awb-margin-top:-15px;--awb-flex-wrap:wrap;\" ><div class=\"fusion-builder-row fusion-row fusion-flex-align-items-flex-start fusion-flex-content-wrap\" style=\"max-width:1456px;margin-left: calc(-4% \/ 2 );margin-right: calc(-4% \/ 2 );\"><div class=\"fusion-layout-column fusion_builder_column fusion-builder-column-3 fusion_builder_column_1_1 1_1 fusion-flex-column\" style=\"--awb-padding-right:150px;--awb-padding-left:150px;--awb-bg-size:cover;--awb-width-large:100%;--awb-margin-top-large:0px;--awb-spacing-right-large:1.92%;--awb-margin-bottom-large:20px;--awb-spacing-left-large:1.92%;--awb-width-medium:100%;--awb-spacing-right-medium:1.92%;--awb-spacing-left-medium:1.92%;--awb-width-small:100%;--awb-spacing-right-small:1.92%;--awb-spacing-left-small:1.92%;\"><div class=\"fusion-column-wrapper fusion-column-has-shadow fusion-flex-justify-content-flex-start fusion-content-layout-column\"><div class=\"fusion-text fusion-text-5\"><div>\n<div><div class=\"grouplist-wrapper\"><div class=\"fusion-text\" style=\"margin-bottom: 90px; margin-top: 90px;\"><p><ul class=\"grouplist\"><li><strong style='font-weight: 200;'>Synthetische Phospholipide<\/strong><\/li><li style=''><a href='https:\/\/lipoid.com\/de\/products\/synthetische-phospholipide\/synthetisches-phosphatidylcholin\/'>Phosphatidylcholin (PC)<\/a><\/li><li style=''><a href='https:\/\/lipoid.com\/de\/products\/synthetische-phospholipide\/phosphatidylglycerin\/'>Phosphatidylglycerin (PG)<\/a><\/li><li style=''><a href='https:\/\/lipoid.com\/de\/products\/synthetische-phospholipide\/phosphatidylethanolamine\/'>Phosphatidylethanolamine (PE)<\/a><\/li><li style=''><a href='https:\/\/lipoid.com\/de\/products\/synthetische-phospholipide\/synthetisches-phosphatidylserin\/'>Phosphatidylserin (PS)<\/a><\/li><li style=''><a href='https:\/\/lipoid.com\/de\/products\/synthetische-phospholipide\/phosphatidsaeuren\/'>Phosphatids\u00e4uren (PA)<\/a><\/li><li style=''><a href='https:\/\/lipoid.com\/de\/products\/synthetische-phospholipide\/pegylierte-phospholipide\/'>PEGylierte Phospholipide<\/a><\/li><\/ul><\/p><\/div><\/div><\/div>\n<\/div>\n<\/div><\/div><\/div><\/div><\/div><\/p>\n","protected":false},"excerpt":{"rendered":"","protected":false},"author":2,"featured_media":0,"parent":3171,"menu_order":2,"comment_status":"closed","ping_status":"closed","template":"100-width.php","meta":{"_acf_changed":false,"footnotes":""},"folder":[],"class_list":["post-3181","page","type-page","status-publish","hentry"],"acf":[],"_links":{"self":[{"href":"https:\/\/lipoid.com\/de\/wp-json\/wp\/v2\/pages\/3181","targetHints":{"allow":["GET"]}}],"collection":[{"href":"https:\/\/lipoid.com\/de\/wp-json\/wp\/v2\/pages"}],"about":[{"href":"https:\/\/lipoid.com\/de\/wp-json\/wp\/v2\/types\/page"}],"author":[{"embeddable":true,"href":"https:\/\/lipoid.com\/de\/wp-json\/wp\/v2\/users\/2"}],"replies":[{"embeddable":true,"href":"https:\/\/lipoid.com\/de\/wp-json\/wp\/v2\/comments?post=3181"}],"version-history":[{"count":13,"href":"https:\/\/lipoid.com\/de\/wp-json\/wp\/v2\/pages\/3181\/revisions"}],"predecessor-version":[{"id":5285,"href":"https:\/\/lipoid.com\/de\/wp-json\/wp\/v2\/pages\/3181\/revisions\/5285"}],"up":[{"embeddable":true,"href":"https:\/\/lipoid.com\/de\/wp-json\/wp\/v2\/pages\/3171"}],"wp:attachment":[{"href":"https:\/\/lipoid.com\/de\/wp-json\/wp\/v2\/media?parent=3181"}],"wp:term":[{"taxonomy":"folder","embeddable":true,"href":"https:\/\/lipoid.com\/de\/wp-json\/wp\/v2\/folder?post=3181"}],"curies":[{"name":"wp","href":"https:\/\/api.w.org\/{rel}","templated":true}]}}