{"id":3346,"date":"2020-03-24T20:06:27","date_gmt":"2020-03-24T19:06:27","guid":{"rendered":"https:\/\/lipoid.com\/applications\/pharmaceutical-industry\/"},"modified":"2022-06-20T19:00:27","modified_gmt":"2022-06-20T17:00:27","slug":"pharmazeutische-anwendungen","status":"publish","type":"page","link":"https:\/\/lipoid.com\/de\/applications\/pharmazeutische-anwendungen\/","title":{"rendered":"Pharmazeutische Anwendungen"},"content":{"rendered":"<p><div class=\"fusion-fullwidth fullwidth-box fusion-builder-row-1 fusion-flex-container nonhundred-percent-fullwidth non-hundred-percent-height-scrolling head-banner\" style=\"--awb-border-radius-top-left:0px;--awb-border-radius-top-right:0px;--awb-border-radius-bottom-right:0px;--awb-border-radius-bottom-left:0px;--awb-margin-bottom:60px;--awb-flex-wrap:wrap;\" ><div class=\"fusion-builder-row fusion-row fusion-flex-align-items-stretch fusion-flex-content-wrap\" style=\"max-width:calc( 1400px + 0px );margin-left: calc(-0px \/ 2 );margin-right: calc(-0px \/ 2 );\"><div class=\"fusion-layout-column fusion_builder_column fusion-builder-column-0 fusion_builder_column_2_3 2_3 fusion-flex-column\" style=\"--awb-padding-top:250px;--awb-bg-image:url(&#039;https:\/\/lipoid.com\/wp-content\/uploads\/2020\/04\/lipoid-pharma-application-headbanner.jpg&#039;);--awb-bg-position:center center;--awb-bg-size:cover;--awb-width-large:66.666666666667%;--awb-margin-top-large:0px;--awb-spacing-right-large:0px;--awb-margin-bottom-large:20px;--awb-spacing-left-large:0px;--awb-width-medium:66.666666666667%;--awb-order-medium:0;--awb-spacing-right-medium:0px;--awb-spacing-left-medium:0px;--awb-width-small:100%;--awb-order-small:0;--awb-spacing-right-small:0px;--awb-spacing-left-small:0px;\"><div class=\"fusion-column-wrapper fusion-column-has-shadow fusion-flex-justify-content-flex-start fusion-content-layout-column fusion-empty-column-bg-image fusion-column-has-bg-image\" data-bg-url=\"https:\/\/lipoid.com\/wp-content\/uploads\/2020\/04\/lipoid-pharma-application-headbanner.jpg\"><img decoding=\"async\" class=\"fusion-empty-dims-img-placeholder fusion-no-large-visibility fusion-no-medium-visibility\" aria-label=\"lipoid-pharma-application-headbanner\" src=\"data:image\/svg+xml,%3Csvg%20xmlns%3D%27http%3A%2F%2Fwww.w3.org%2F2000%2Fsvg%27%20width%3D%271500%27%20height%3D%271000%27%20viewBox%3D%270%200%201500%201000%27%3E%3Crect%20width%3D%271500%27%20height%3D%271000%27%20fill-opacity%3D%220%22%2F%3E%3C%2Fsvg%3E\"><\/div><\/div><div class=\"fusion-layout-column fusion_builder_column fusion-builder-column-1 fusion_builder_column_1_3 1_3 fusion-flex-column banner-row\" style=\"--awb-bg-color:#648798;--awb-bg-color-hover:#648798;--awb-bg-size:cover;--awb-width-large:33.333333333333%;--awb-margin-top-large:0px;--awb-spacing-right-large:0px;--awb-margin-bottom-large:20px;--awb-spacing-left-large:0px;--awb-width-medium:33.333333333333%;--awb-spacing-right-medium:0px;--awb-spacing-left-medium:0px;--awb-width-small:100%;--awb-spacing-right-small:0px;--awb-spacing-left-small:0px;\"><div class=\"fusion-column-wrapper fusion-column-has-shadow fusion-flex-justify-content-flex-start fusion-content-layout-column\"><div class=\"fusion-text fusion-text-1 banner-text\" style=\"--awb-text-transform:none;\"><p><span class=\"weinvest-hl\">PRODUKTE IN PHARMA-AWENDUNGEN<\/span><\/p>\n<p><span class=\"banner-slogan\">Phospholipide &#8211; hervorragende Hilfsstoffe zur Verwendung in einer Vielzahl von Arzneimitteln<\/span><\/p>\n<\/div><\/div><\/div><\/div><\/div><div class=\"fusion-fullwidth fullwidth-box fusion-builder-row-2 fusion-flex-container nonhundred-percent-fullwidth non-hundred-percent-height-scrolling\" style=\"--awb-border-radius-top-left:0px;--awb-border-radius-top-right:0px;--awb-border-radius-bottom-right:0px;--awb-border-radius-bottom-left:0px;--awb-margin-top:0px;--awb-flex-wrap:wrap;\" ><div class=\"fusion-builder-row fusion-row fusion-flex-align-items-flex-start fusion-flex-content-wrap\" style=\"max-width:1456px;margin-left: calc(-4% \/ 2 );margin-right: calc(-4% \/ 2 );\"><div class=\"fusion-layout-column fusion_builder_column fusion-builder-column-2 fusion_builder_column_1_1 1_1 fusion-flex-column\" style=\"--awb-padding-right:150px;--awb-padding-left:150px;--awb-bg-size:cover;--awb-width-large:100%;--awb-margin-top-large:0px;--awb-spacing-right-large:1.92%;--awb-margin-bottom-large:0px;--awb-spacing-left-large:1.92%;--awb-width-medium:100%;--awb-spacing-right-medium:1.92%;--awb-spacing-left-medium:1.92%;--awb-width-small:100%;--awb-spacing-right-small:1.92%;--awb-spacing-left-small:1.92%;\"><div class=\"fusion-column-wrapper fusion-column-has-shadow fusion-flex-justify-content-flex-start fusion-content-layout-column\"><div class=\"fusion-text fusion-text-2\"><div>\n<div>\n    <div class=\"lip-breadcrumbs\" style=\"padding: 0;\">\n        <ul>\n            <li>\n                <a href=\"\/\">Lipoid<\/a>\n            <\/li>\n            <li>\n                Applications\n            <\/li><li>\n                Pharmazeutische Anwendungen\n            <\/li>\n        <\/ul>\n        <\/div>\n    <\/div>\n<\/div>\n<\/div><\/div><\/div><div class=\"fusion-layout-column fusion_builder_column fusion-builder-column-3 fusion_builder_column_2_3 2_3 fusion-flex-column\" style=\"--awb-padding-left:150px;--awb-bg-size:cover;--awb-width-large:66.666666666667%;--awb-margin-top-large:0px;--awb-spacing-right-large:2.88%;--awb-margin-bottom-large:20px;--awb-spacing-left-large:2.88%;--awb-width-medium:66.666666666667%;--awb-spacing-right-medium:2.88%;--awb-spacing-left-medium:2.88%;--awb-width-small:100%;--awb-spacing-right-small:1.92%;--awb-spacing-left-small:1.92%;\"><div class=\"fusion-column-wrapper fusion-column-has-shadow fusion-flex-justify-content-flex-start fusion-content-layout-column\"><div class=\"fusion-text fusion-text-3 weinvestcontent\" style=\"--awb-text-transform:none;\"><p><span class=\"weinvest-hl\">PRODUKTE IN PHARMA-AWENDUNGEN<\/span><\/p>\n<\/div><div class=\"fusion-title title fusion-title-1 fusion-sep-none fusion-title-text fusion-title-size-one\" style=\"--awb-text-color:#648798;--awb-margin-top-small:10px;--awb-margin-bottom-small:10px;\"><h1 class=\"fusion-title-heading title-heading-left\" style=\"margin:0;\">Pharmazeutische Anwendungen<\/h1><\/div><div class=\"fusion-text fusion-text-4\" style=\"--awb-text-transform:none;\"><p>Phospholipide<i>,<\/i> die wesentlichen Bestandteile von Lecithin, sind k\u00f6rpereigene Komponenten, die biokompatibel, biologisch abbaubar und sicher sind. Die WHO gibt an, dass es f\u00fcr die orale Anwendung von Lecithin keinen Grenzwert der zul\u00e4ssigen Tagesdosis (ADI \u2013 Acceptable Daily Intake) gibt. Bei der parenteralen Gabe zeigen Phospholipide keine toxischen Wirkungen. Das macht sie f\u00fcr viele Verabreichungswege geeignet. Daher sind Phospholipide vielseitige Hilfsstoffe, ohne dass Bedenken hinsichtlich einer zus\u00e4tzlichen, mit dem Hilfsstoff verbundenen Toxizit\u00e4t bestehen.<\/p>\n<p>Phospholipide k\u00f6nnen in fl\u00fcssigen (z. B. Emulsionen, Liposomen, Lipid-Nanopartikeln, Mizellen), festen und halbfesten Darreichungsformen verwendet werden. Sie dienen z. B. als Liposomenbildner, Emulgatoren, Komponenten in Mischmizellen, Benetzungsmittel und als technische Hilfsmittel.<\/p>\n<p>Die US FDA weist Lecithin den GRAS-Status (Generally Recognized as Safe) zu. Monographien sind in wichtigen Arzneib\u00fcchern (z. B. USP, EP oder JP) verf\u00fcgbar. Dar\u00fcber hinaus bietet Lipoid auch zahlreiche Drug Master Files (DMF) f\u00fcr seine Produkte an. F\u00fcr zus\u00e4tzliche Informationen kontaktieren Sie uns auf <a href=\"mailto:info@lipoid.com\">info@lipoid.com<\/a>.<\/p>\n<\/div><\/div><\/div><div class=\"fusion-layout-column fusion_builder_column fusion-builder-column-4 fusion_builder_column_1_3 1_3 fusion-flex-column\" style=\"--awb-padding-top:90px;--awb-padding-right:150px;--awb-bg-size:cover;--awb-width-large:33.333333333333%;--awb-margin-top-large:0px;--awb-spacing-right-large:5.76%;--awb-margin-bottom-large:20px;--awb-spacing-left-large:5.76%;--awb-width-medium:33.333333333333%;--awb-spacing-right-medium:5.76%;--awb-spacing-left-medium:5.76%;--awb-width-small:100%;--awb-spacing-right-small:1.92%;--awb-spacing-left-small:1.92%;\"><div class=\"fusion-column-wrapper fusion-column-has-shadow fusion-flex-justify-content-flex-start fusion-content-layout-column\"><div class=\"fusion-image-element \" style=\"text-align:center;--awb-max-width:200px;--awb-caption-title-font-family:var(--h2_typography-font-family);--awb-caption-title-font-weight:var(--h2_typography-font-weight);--awb-caption-title-font-style:var(--h2_typography-font-style);--awb-caption-title-size:var(--h2_typography-font-size);--awb-caption-title-transform:var(--h2_typography-text-transform);--awb-caption-title-line-height:var(--h2_typography-line-height);--awb-caption-title-letter-spacing:var(--h2_typography-letter-spacing);\"><span class=\" fusion-imageframe imageframe-none imageframe-1 hover-type-none fusion-animated\" data-animationType=\"fadeInRight\" data-animationDuration=\"1.0\" data-animationOffset=\"top-into-view\"><img decoding=\"async\" width=\"496\" height=\"449\" title=\"LIPOID_website_pikto_applications_pharma\" src=\"https:\/\/lipoid.com\/wp-content\/uploads\/2020\/04\/LIPOID_website_pikto_applications_pharma.png\" alt class=\"img-responsive wp-image-2819\" srcset=\"https:\/\/lipoid.com\/wp-content\/uploads\/2020\/04\/LIPOID_website_pikto_applications_pharma-200x181.png 200w, https:\/\/lipoid.com\/wp-content\/uploads\/2020\/04\/LIPOID_website_pikto_applications_pharma-400x362.png 400w, https:\/\/lipoid.com\/wp-content\/uploads\/2020\/04\/LIPOID_website_pikto_applications_pharma.png 496w\" sizes=\"(max-width: 640px) 100vw, 400px\" \/><\/span><\/div><\/div><\/div><\/div><\/div><div class=\"fusion-fullwidth fullwidth-box fusion-builder-row-3 fusion-flex-container nonhundred-percent-fullwidth non-hundred-percent-height-scrolling\" style=\"--awb-border-radius-top-left:0px;--awb-border-radius-top-right:0px;--awb-border-radius-bottom-right:0px;--awb-border-radius-bottom-left:0px;--awb-margin-top:-10px;--awb-margin-bottom:-20px;--awb-flex-wrap:wrap;\" ><div class=\"fusion-builder-row fusion-row fusion-flex-align-items-flex-start fusion-flex-content-wrap\" style=\"max-width:1456px;margin-left: calc(-4% \/ 2 );margin-right: calc(-4% \/ 2 );\"><div class=\"fusion-layout-column fusion_builder_column fusion-builder-column-5 fusion_builder_column_1_1 1_1 fusion-flex-column\" style=\"--awb-padding-right:150px;--awb-padding-left:150px;--awb-bg-size:cover;--awb-width-large:100%;--awb-margin-top-large:0px;--awb-spacing-right-large:1.92%;--awb-margin-bottom-large:20px;--awb-spacing-left-large:1.92%;--awb-width-medium:100%;--awb-spacing-right-medium:1.92%;--awb-spacing-left-medium:1.92%;--awb-width-small:100%;--awb-spacing-right-small:1.92%;--awb-spacing-left-small:1.92%;\"><div class=\"fusion-column-wrapper fusion-column-has-shadow fusion-flex-justify-content-flex-start fusion-content-layout-column\"><div class=\"fusion-text fusion-text-5\"><div>\n<div><div class=\"fusion-text\" style=\"margin-bottom: 90px; margin-top: 85px;\"><p><ul class=\"grouplist\"><li><strong style='font-weight: 200;'>Pharmazeutische Anwendungen<\/strong><\/li><li style=''><a href='https:\/\/lipoid.com\/de\/applications\/pharmazeutische-anwendungen\/parenterale-anwendungen\/'>Parenterale Anwendungen<\/a><\/li><li style=''><a href='https:\/\/lipoid.com\/de\/applications\/pharmazeutische-anwendungen\/orale-anwendungen\/'>Orale Anwendungen<\/a><\/li><li style=''><a href='https:\/\/lipoid.com\/de\/applications\/pharmazeutische-anwendungen\/topische-anwendungen\/'>Topische Anwendungen<\/a><\/li><li style=''><a href='https:\/\/lipoid.com\/de\/applications\/pharmazeutische-anwendungen\/pulmonale-anwendungen\/'>Pulmonale Anwendungen<\/a><\/li><li style=''><a href='https:\/\/lipoid.com\/de\/applications\/pharmazeutische-anwendungen\/anwendungen-am-auge\/'>Anwendungen am Auge<\/a><\/li><li style=''><a href='https:\/\/lipoid.com\/de\/applications\/pharmazeutische-anwendungen\/pharmazeutische-wirkstoffe-api\/'>Pharmazeutische Wirkstoffe (API)<\/a><\/li><\/ul><\/p><\/div><\/div>\n<\/div>\n<\/div><\/div><\/div><\/div><\/div><div class=\"fusion-bg-parallax\" data-bg-align=\"center center\" data-direction=\"up\" data-mute=\"false\" data-opacity=\"100\" data-velocity=\"-0.3\" data-mobile-enabled=\"false\" data-break_parents=\"0\" data-bg-image=\"https:\/\/lipoid.com\/wp-content\/uploads\/2022\/03\/LIPOD_ludwigshafen_germany_pharmaceutic_appl_parallax-scaled.jpg\" data-bg-repeat=\"false\" ><\/div><div class=\"fusion-fullwidth fullwidth-box fusion-builder-row-4 fusion-flex-container fusion-parallax-up hundred-percent-fullwidth non-hundred-percent-height-scrolling\" style=\"--awb-border-radius-top-left:0px;--awb-border-radius-top-right:0px;--awb-border-radius-bottom-right:0px;--awb-border-radius-bottom-left:0px;--awb-padding-top:700px;--awb-margin-top:20px;--awb-margin-bottom:50px;--awb-background-image:url(&quot;https:\/\/lipoid.com\/wp-content\/uploads\/2022\/03\/LIPOD_ludwigshafen_germany_pharmaceutic_appl_parallax-scaled.jpg&quot;);--awb-background-size:cover;--awb-flex-wrap:wrap;\" ><div class=\"fusion-builder-row fusion-row fusion-flex-align-items-flex-start fusion-flex-content-wrap\" style=\"width:104% !important;max-width:104% !important;margin-left: calc(-4% \/ 2 );margin-right: calc(-4% \/ 2 );\"><div class=\"fusion-layout-column fusion_builder_column fusion-builder-column-6 fusion_builder_column_1_1 1_1 fusion-flex-column\" style=\"--awb-padding-right:150px;--awb-padding-left:150px;--awb-bg-size:cover;--awb-width-large:100%;--awb-margin-top-large:0px;--awb-spacing-right-large:1.92%;--awb-margin-bottom-large:20px;--awb-spacing-left-large:1.92%;--awb-width-medium:100%;--awb-spacing-right-medium:1.92%;--awb-spacing-left-medium:1.92%;--awb-width-small:100%;--awb-spacing-right-small:1.92%;--awb-spacing-left-small:1.92%;\"><div class=\"fusion-column-wrapper fusion-column-has-shadow fusion-flex-justify-content-flex-start fusion-content-layout-column\"><\/div><\/div><\/div><\/div><\/p>\n","protected":false},"excerpt":{"rendered":"","protected":false},"author":1,"featured_media":0,"parent":3114,"menu_order":0,"comment_status":"closed","ping_status":"closed","template":"100-width.php","meta":{"_acf_changed":false,"footnotes":""},"folder":[],"class_list":["post-3346","page","type-page","status-publish","hentry"],"acf":[],"_links":{"self":[{"href":"https:\/\/lipoid.com\/de\/wp-json\/wp\/v2\/pages\/3346","targetHints":{"allow":["GET"]}}],"collection":[{"href":"https:\/\/lipoid.com\/de\/wp-json\/wp\/v2\/pages"}],"about":[{"href":"https:\/\/lipoid.com\/de\/wp-json\/wp\/v2\/types\/page"}],"author":[{"embeddable":true,"href":"https:\/\/lipoid.com\/de\/wp-json\/wp\/v2\/users\/1"}],"replies":[{"embeddable":true,"href":"https:\/\/lipoid.com\/de\/wp-json\/wp\/v2\/comments?post=3346"}],"version-history":[{"count":27,"href":"https:\/\/lipoid.com\/de\/wp-json\/wp\/v2\/pages\/3346\/revisions"}],"predecessor-version":[{"id":5520,"href":"https:\/\/lipoid.com\/de\/wp-json\/wp\/v2\/pages\/3346\/revisions\/5520"}],"up":[{"embeddable":true,"href":"https:\/\/lipoid.com\/de\/wp-json\/wp\/v2\/pages\/3114"}],"wp:attachment":[{"href":"https:\/\/lipoid.com\/de\/wp-json\/wp\/v2\/media?parent=3346"}],"wp:term":[{"taxonomy":"folder","embeddable":true,"href":"https:\/\/lipoid.com\/de\/wp-json\/wp\/v2\/folder?post=3346"}],"curies":[{"name":"wp","href":"https:\/\/api.w.org\/{rel}","templated":true}]}}